{"id":957,"date":"2024-05-29T17:09:48","date_gmt":"2024-05-29T15:09:48","guid":{"rendered":"https:\/\/www.communicationanimalebyflo.fr\/?post_type=product&#038;p=957"},"modified":"2026-03-16T23:54:22","modified_gmt":"2026-03-16T22:54:22","slug":"trust-technique-de-la-peur-et-lhyperexcitation-a-la-serenite","status":"publish","type":"product","link":"https:\/\/www.communicationanimalebyflo.fr\/index.php\/produit\/trust-technique-de-la-peur-et-lhyperexcitation-a-la-serenite\/","title":{"rendered":"1 &#8211; Trust Technique \u00ae : De la peur-stress ou l\u2019hyperexcitation \u00e0 la s\u00e9r\u00e9nit\u00e9."},"content":{"rendered":"<p><img decoding=\"async\" loading=\"lazy\" class=\"size-medium wp-image-975 alignright\" src=\"https:\/\/www.communicationanimalebyflo.fr\/wp-content\/uploads\/2024\/05\/white-practitioner-logo-300x261.png\" alt=\"\" width=\"300\" height=\"261\" \/>La Trust Technique a \u00e9t\u00e9 cr\u00e9\u00e9 par James French et Shelley Slingo en 2007 au Royaume-Uni.<\/p>\n<p><u>Une d\u00e9finition de la Trust Technique\u00a0: <\/u><\/p>\n<p>C\u2019est une m\u00e9thode qui permet \u00e0 l\u2019animal et son humain d\u2019augmenter (ou de cr\u00e9er) la profondeur du lien qui les unis, pour d\u00e9passer des traumatismes, adopter de nouveaux sch\u00e9mas de comportement, pour apprendre de nouvelles choses. Tout cela se passe dans l\u2019amour, la pr\u00e9sence et en conscience. Les animaux sont sensibles et intelligents, ils doivent \u00eatre consid\u00e9r\u00e9s \u00e0 leur juste valeur.<\/p>\n<p><u>Pour quelles situations\u00a0: <\/u><\/p>\n<ul>\n<li>Cr\u00e9er ou reconstruire un lien de confiance entre l\u2019animal et son gardien (propri\u00e9taire)<\/li>\n<li>D\u00e9passer des peurs\u00a0: peurs d\u2019un objet, peur de l\u2019humain, peur du toucher, peur des cong\u00e9n\u00e8res, peur d\u2019autres animaux, peur des enfants, peur de l\u2019abandon, peur de solitude, hyperattachement, etc.<\/li>\n<li>Pour apprendre de nouvelles choses au quotidien\u00a0: pas bouger, assis, coucher, faire un bisou, sauter, courir, donner la patte, les gestes de toilettages, etc.<\/li>\n<li>Pour plus d\u2019harmonie dans vos relations, plus de compr\u00e9hensions entre vous et votre animal<\/li>\n<li>Pour un animal plus calme chez le v\u00e9t\u00e9rinaire, ost\u00e9opathe ou toiletteur.<\/li>\n<\/ul>\n<p><u>Pour quels animaux<\/u> : tous les animaux d\u2019int\u00e9rieur dont les chats, chiens, NAC.\u00a0 (je ne suis pas certifi\u00e9e pour les chevaux pour le moment)<\/p>\n<p><u>Pour quel gardien\/propri\u00e9taire<\/u>\u00a0: pour toutes les personnes qui ont du temps \u00e0 consacrer \u00e0 leur animal, au moins 30 minutes par jour d\u2019exercices. Il faut \u00e9galement de la patience, de la douceur et une grosse dose de motivation pour continuer les exercices jusqu\u2019\u00e0 l\u2019atteinte de votre objectif. Si ce n\u2019est pas le cas, je ne suis pas la bonne personne pour vous accompagner vers une am\u00e9lioration.<\/p>\n<p><u>Combien de s\u00e9ances :\u00a0 <\/u>Lors de la 1<sup>\u00e8re<\/sup> s\u00e9ance, je vous enseigne la technique et j\u2019adapte en fonction de votre probl\u00e9matique. Vous devez travailler avec votre animal ensuite sur 1 semaine pour voir ce que vous pouvez am\u00e9liorer vous-m\u00eame. Puis nous pouvons d\u00e9cidez ensemble si je vous accompagne sur des points pr\u00e9cis. Pour cela il y aura diff\u00e9rents forfaits (2 s\u00e9ances, 4 s\u00e9ances)<\/p>\n<p><u>Combien de temps durent les s\u00e9ances :\u00a0<\/u><\/p>\n<ul>\n<li>La premi\u00e8re pour vous apprendre la technique 1h30<\/li>\n<li>Les suivantes pour travailler sur une probl\u00e9matique\u00a02h<\/li>\n<\/ul>\n<p><u>Le prix de la premi\u00e8re s\u00e9ance : <\/u><\/p>\n<ul>\n<li>La premi\u00e8re s\u00e9ance d\u20191h30 est \u00e0 120 euros.<\/li>\n<\/ul>\n<p>Si en pr\u00e9sentiel + 20 euros pour les frais de d\u00e9placement chez vous, <strong>max 1 h\u00a0 autour de Sauteyrargues 34270 si en pr\u00e9sentiel. <\/strong><\/p>\n<p>Si en ligne 120 euros peu importe votre distance mais je ne peux pas vous faire de d\u00e9monstration. Pour tout travail en ligne, vous devez avoir un un ordinateur portable, une batterie d&rsquo;ordinateur qui fonctionne, de une connexion internet, un laisse, un collier ou harnais si c&rsquo;est un chien.<\/p>\n<p>Vous pourrez prendre en plus des s\u00e9ances de suivi en fonction de probl\u00e9matiques pour que je vous aide \u00e0 avancer plus vite sur certains points plus sensibles. Pour \u00eatre plus explicite, avec la technique vous pouvez \u00eatre autonome pour travailler les difficult\u00e9s avec votre animal. Mais parfois vous n&rsquo;avez pas la patience, ou votre animal est trop r\u00e9actif avec vous, ou simplement vous souhaitez ma pr\u00e9sence pour travailler plus rapidemment les situations probl\u00e9matiques. Je viens donc chez vous ou en visio, durant 2h, travailler un point pr\u00e9cis.<\/p>\n<ul>\n<li>Les s\u00e9ances suivantes :<\/li>\n<\/ul>\n<p>Voir la s\u00e9ance individuelle, ou les autres packs propos\u00e9s dans la boutique !<\/p>\n<p>&nbsp;<\/p>\n<p>Je r\u00e9ponds \u00e0 vos audios \/ messages \u00e9cris apr\u00e8s chaque s\u00e9ance sur 6 mois. (Les 6 mois commencent \u00e0 partir de la date de notre rdv)<\/p>\n<p>IMPORTANT : Vous ne pourrez prendre une s\u00e9ance de suivi que si vous avez fait une premi\u00e8re s\u00e9ance o\u00f9 je vous ai transmis la technique.<\/p>\n<p>Si vous \u00eates int\u00e9ress\u00e9, vous payer la premi\u00e8re s\u00e9ance via mon site internet et vous m\u2019envoyer un mail avec\u00a0:<\/p>\n<ol>\n<li>Vos disponibilit\u00e9s pour une s\u00e9ance d\u20191h30 (pour les 15 prochains jours)<\/li>\n<li>Votre adresse postale. (les s\u00e9ances s\u2019effectuent forc\u00e9ment \u00e0 votre domicile ou \u00e0 distance si vous \u00eates trop \u00e9loign\u00e9s)<\/li>\n<li>Votre nom et pr\u00e9nom<\/li>\n<li>Le pr\u00e9nom de votre animal ainsi qu\u2019une photo.<\/li>\n<li>Le descriptif de ce qui vous pose souci avec votre animal.<\/li>\n<\/ol>\n<p>Je vous r\u00e9ponds en vous donnant le cr\u00e9neau que j\u2019ai en commun avec vous et en vous envoyant un questionnaire \u00e0 remplir qui m\u2019aidera \u00e0 mieux d\u00e9terminer ce qu\u2019il se passe pour votre animal.<\/p>\n<p><u>Petit plus\u00a0: <\/u><\/p>\n<p>Si vous souhaitez d\u00e9couvrir d\u00e9j\u00e0 la pratique, en attendant notre s\u00e9ance, vous pouvez regarder \u00ab\u00a0les messages de la Trust Technique\u00a0\u00bb gratuitement, sur le site officiel de la Trust Technique.<\/p>\n<p>Il vous suffit de cr\u00e9er un compte sur ce site anglais. Les vid\u00e9os seront sous-titr\u00e9es en fran\u00e7ais (environ 15 euros qui vont au formateur James French)<\/p>\n<p><a href=\"https:\/\/trust-technique.com\/product\/messages-of-trust\/tt\/237\/\">https:\/\/trust-technique.com\/product\/messages-of-trust\/tt\/237\/<\/a><\/p>\n<p>et si vous souhaitez avoir des d\u00e9monstrations vid\u00e9os de cas pratique en s\u00e9ances de la part du fondateur de cette technique, pour environ 350 euros, vous pouvez prendre le \u00ab video course \u00bb, accessible aux particuliers, pour une pratique non professionnelle.<\/p>\n<p><a href=\"https:\/\/trust-technique.com\/courses\/trust-technique-video-course\/tt\/237\/\">https:\/\/trust-technique.com\/courses\/trust-technique-video-course\/tt\/237\/<\/a><\/p>\n<p>Exemple d&rsquo;un chat qui a peur de l&rsquo;orage :<\/p>\n<p><iframe loading=\"lazy\" title=\"Apaisement d&#039;un chat durant l&#039;orage gr\u00e2ce \u00e0 la Trust Technique (R)\" width=\"960\" height=\"720\" src=\"https:\/\/www.youtube.com\/embed\/W0OfD5YqyhE?feature=oembed\" frameborder=\"0\" allow=\"accelerometer; autoplay; clipboard-write; encrypted-media; gyroscope; picture-in-picture; web-share\" referrerpolicy=\"strict-origin-when-cross-origin\" allowfullscreen><\/iframe><\/p>\n","protected":false},"excerpt":{"rendered":"<p>Apaiser son animal, cr\u00e9er un lien de confiance, augmenter la compr\u00e9hension entre vous.<\/p>\n","protected":false},"featured_media":1438,"comment_status":"open","ping_status":"closed","template":"","meta":{"_EventAllDay":false,"_EventTimezone":"","_EventStartDate":"","_EventEndDate":"","_EventStartDateUTC":"","_EventEndDateUTC":"","_EventShowMap":false,"_EventShowMapLink":false,"_EventURL":"","_EventCost":"","_EventCostDescription":"","_EventCurrencySymbol":"","_EventCurrencyCode":"","_EventCurrencyPosition":"","_EventDateTimeSeparator":"","_EventTimeRangeSeparator":"","_EventOrganizerID":[],"_EventVenueID":0,"_OrganizerEmail":"","_OrganizerPhone":"","_OrganizerWebsite":"","_VenueAddress":"","_VenueCity":"","_VenueCountry":"","_VenueProvince":"","_VenueZip":"","_VenuePhone":"","_VenueURL":"","_VenueStateProvince":"","_VenueLat":"","_VenueLng":""},"product_cat":[29],"product_tag":[],"_links":{"self":[{"href":"https:\/\/www.communicationanimalebyflo.fr\/index.php\/wp-json\/wp\/v2\/product\/957"}],"collection":[{"href":"https:\/\/www.communicationanimalebyflo.fr\/index.php\/wp-json\/wp\/v2\/product"}],"about":[{"href":"https:\/\/www.communicationanimalebyflo.fr\/index.php\/wp-json\/wp\/v2\/types\/product"}],"replies":[{"embeddable":true,"href":"https:\/\/www.communicationanimalebyflo.fr\/index.php\/wp-json\/wp\/v2\/comments?post=957"}],"wp:featuredmedia":[{"embeddable":true,"href":"https:\/\/www.communicationanimalebyflo.fr\/index.php\/wp-json\/wp\/v2\/media\/1438"}],"wp:attachment":[{"href":"https:\/\/www.communicationanimalebyflo.fr\/index.php\/wp-json\/wp\/v2\/media?parent=957"}],"wp:term":[{"taxonomy":"product_cat","embeddable":true,"href":"https:\/\/www.communicationanimalebyflo.fr\/index.php\/wp-json\/wp\/v2\/product_cat?post=957"},{"taxonomy":"product_tag","embeddable":true,"href":"https:\/\/www.communicationanimalebyflo.fr\/index.php\/wp-json\/wp\/v2\/product_tag?post=957"}],"curies":[{"name":"wp","href":"https:\/\/api.w.org\/{rel}","templated":true}]}}