{"id":83,"date":"2021-02-02T08:42:34","date_gmt":"2021-02-02T07:42:34","guid":{"rendered":"http:\/\/www.communicationanimalebyflo.fr\/?post_type=product&#038;p=83"},"modified":"2025-05-09T10:56:48","modified_gmt":"2025-05-09T08:56:48","slug":"formation-2eme-niveau-communication-animale","status":"publish","type":"product","link":"https:\/\/www.communicationanimalebyflo.fr\/index.php\/produit\/formation-2eme-niveau-communication-animale\/","title":{"rendered":"Formation 2\u00e8me niveau Communication Animale."},"content":{"rendered":"<p><strong>Formation 2<sup>\u00e8me<\/sup> niveau\u00a0: Perfectionnement Communication Animale<\/strong><\/p>\n<p>Temps\u00a0: une journ\u00e9e de formation + un mois d\u2019accompagnement actif sur un groupe d\u2019\u00e9change pour vous permettre de ne pas rester bloqu\u00e9.<\/p>\n<p>Prix : 180 euros. Petit groupe, max 4\/5 personnes. Un acompte de 50 euros est n\u00e9cessaire pour r\u00e9server sa place (non remboursable).<\/p>\n<p>Lieu\u00a0: Aux alentours de Montpellier, ou \u00e0 distance via Zoom.<\/p>\n<p>&nbsp;<\/p>\n<p>Voici le plan de la formation <em>2\u00e8me niveau<\/em> :<\/p>\n<p>Pr\u00e9-requis\u00a0: Avoir \u00e9t\u00e9 initi\u00e9 \u00e0 la communication animale, savoir se connecter aux animaux vivants, envoyer et recevoir des informations au minimum.<\/p>\n<p>Introduction<\/p>\n<ol>\n<li>Comment augmenter la dur\u00e9e d\u2019une communication ?<\/li>\n<li>Comment approfondir le descriptif de la personnalit\u00e9 de l\u2019animal ?<\/li>\n<li>Comment obtenir des informations sur la sant\u00e9 de l\u2019animal ?<\/li>\n<li>Comment travailler le th\u00e8me : comportement ?<\/li>\n<li>Comment utiliser l\u2019effet miroir ?<\/li>\n<li>Mission (s) de vie de l\u2019animal<\/li>\n<li>La chronologie dans la vie<\/li>\n<\/ol>\n<p>A la fin de cette journ\u00e9e vous aurez davantage d\u2019astuces pour approfondir vos communications, gagner en pr\u00e9cisions. Vous aurez des clefs pour aider \u00e0 l\u2019am\u00e9lioration de situations (malpropret\u00e9 du chat, poursuite chat-chien, etc. )<\/p>\n<p>&nbsp;<\/p>\n","protected":false},"excerpt":{"rendered":"<p>Formation permettant d&rsquo;am\u00e9liorer la qualit\u00e9 des Communications Animales.<\/p>\n<p>&nbsp;<\/p>\n","protected":false},"featured_media":1455,"comment_status":"open","ping_status":"closed","template":"","meta":{"_EventAllDay":false,"_EventTimezone":"","_EventStartDate":"","_EventEndDate":"","_EventStartDateUTC":"","_EventEndDateUTC":"","_EventShowMap":false,"_EventShowMapLink":false,"_EventURL":"","_EventCost":"","_EventCostDescription":"","_EventCurrencySymbol":"","_EventCurrencyCode":"","_EventCurrencyPosition":"","_EventDateTimeSeparator":"","_EventTimeRangeSeparator":"","_EventOrganizerID":[],"_EventVenueID":0,"_OrganizerEmail":"","_OrganizerPhone":"","_OrganizerWebsite":"","_VenueAddress":"","_VenueCity":"","_VenueCountry":"","_VenueProvince":"","_VenueZip":"","_VenuePhone":"","_VenueURL":"","_VenueStateProvince":"","_VenueLat":"","_VenueLng":""},"product_cat":[23],"product_tag":[],"_links":{"self":[{"href":"https:\/\/www.communicationanimalebyflo.fr\/index.php\/wp-json\/wp\/v2\/product\/83"}],"collection":[{"href":"https:\/\/www.communicationanimalebyflo.fr\/index.php\/wp-json\/wp\/v2\/product"}],"about":[{"href":"https:\/\/www.communicationanimalebyflo.fr\/index.php\/wp-json\/wp\/v2\/types\/product"}],"replies":[{"embeddable":true,"href":"https:\/\/www.communicationanimalebyflo.fr\/index.php\/wp-json\/wp\/v2\/comments?post=83"}],"wp:featuredmedia":[{"embeddable":true,"href":"https:\/\/www.communicationanimalebyflo.fr\/index.php\/wp-json\/wp\/v2\/media\/1455"}],"wp:attachment":[{"href":"https:\/\/www.communicationanimalebyflo.fr\/index.php\/wp-json\/wp\/v2\/media?parent=83"}],"wp:term":[{"taxonomy":"product_cat","embeddable":true,"href":"https:\/\/www.communicationanimalebyflo.fr\/index.php\/wp-json\/wp\/v2\/product_cat?post=83"},{"taxonomy":"product_tag","embeddable":true,"href":"https:\/\/www.communicationanimalebyflo.fr\/index.php\/wp-json\/wp\/v2\/product_tag?post=83"}],"curies":[{"name":"wp","href":"https:\/\/api.w.org\/{rel}","templated":true}]}}