{"id":82,"date":"2021-02-01T23:06:51","date_gmt":"2021-02-01T22:06:51","guid":{"rendered":"http:\/\/www.communicationanimalebyflo.fr\/?post_type=product&#038;p=82"},"modified":"2026-03-18T19:56:00","modified_gmt":"2026-03-18T18:56:00","slug":"formation-niveau-debutant-en-communication-animale","status":"publish","type":"product","link":"https:\/\/www.communicationanimalebyflo.fr\/index.php\/produit\/formation-niveau-debutant-en-communication-animale\/","title":{"rendered":"Formation 1er niveau en Communication Animale."},"content":{"rendered":"<p>Formation pour d\u00e9butant dans la Communication Animale.<\/p>\n<p>Temps\u00a0: une journ\u00e9e de formation + un mois d\u2019accompagnement actif sur un groupe d\u2019\u00e9change pour vous permettre de ne pas rester bloqu\u00e9.<\/p>\n<p>Prix : 180 euros. Groupe maximum de 4\/5 personnes. Un acompte de 50 euros est n\u00e9cessaire pour r\u00e9server sa place (non remboursable).<\/p>\n<p>Lieu\u00a0: Aux alentours de Montpellier, ou \u00e0 distance.<\/p>\n<p>A la fin de cette journ\u00e9e de stage, vous aurez toutes les clefs pour pouvoir \u00e9tablir un lien t\u00e9l\u00e9pathique avec tous les animaux (chien, chat, cheval, furet, lapin, rat etc. ) La comp\u00e9tence s\u2019acquiert avec l\u2019entra\u00eenement que vous aurez l\u2019occasion de partager avec le groupe de formation et moi-m\u00eame.<br \/>\nMat\u00e9riel n\u00e9cessaire : eau, cahier, crayon, bonne humeur, bienveillance et curiosit\u00e9!Plan de la formation (th\u00e9orie + pratique) :<\/p>\n<p>I Qu\u2019est-ce que la communication animale\u00a0?<\/p>\n<p>II Quelles sont les \u00e9tapes pour d\u00e9velopper cette comp\u00e9tence\u00a0?<\/p>\n<p>III. Comment pratique-t-on\u00a0?<\/p>\n<p>IV. Comment avoir du discernement ?<\/p>\n<p>V. Dans quels cas utiliser la Communication Animale ?<\/p>\n<p>VI. Les limites de la Communication Animale<\/p>\n<p>Un livret de formation vous est fourni pour limiter la prise de notes.<\/p>\n<p>Cette formation est accessible \u00e0 tous, pas de pr\u00e9requis n\u00e9cessaire.<\/p>\n","protected":false},"excerpt":{"rendered":"<p>Initiation vous donnant toutes clefs pour r\u00e9aliser vous-m\u00eame des Communications Animales.<\/p>\n","protected":false},"featured_media":1454,"comment_status":"open","ping_status":"closed","template":"","meta":{"_EventAllDay":false,"_EventTimezone":"","_EventStartDate":"","_EventEndDate":"","_EventStartDateUTC":"","_EventEndDateUTC":"","_EventShowMap":false,"_EventShowMapLink":false,"_EventURL":"","_EventCost":"","_EventCostDescription":"","_EventCurrencySymbol":"","_EventCurrencyCode":"","_EventCurrencyPosition":"","_EventDateTimeSeparator":"","_EventTimeRangeSeparator":"","_EventOrganizerID":[],"_EventVenueID":0,"_OrganizerEmail":"","_OrganizerPhone":"","_OrganizerWebsite":"","_VenueAddress":"","_VenueCity":"","_VenueCountry":"","_VenueProvince":"","_VenueZip":"","_VenuePhone":"","_VenueURL":"","_VenueStateProvince":"","_VenueLat":"","_VenueLng":""},"product_cat":[23],"product_tag":[],"_links":{"self":[{"href":"https:\/\/www.communicationanimalebyflo.fr\/index.php\/wp-json\/wp\/v2\/product\/82"}],"collection":[{"href":"https:\/\/www.communicationanimalebyflo.fr\/index.php\/wp-json\/wp\/v2\/product"}],"about":[{"href":"https:\/\/www.communicationanimalebyflo.fr\/index.php\/wp-json\/wp\/v2\/types\/product"}],"replies":[{"embeddable":true,"href":"https:\/\/www.communicationanimalebyflo.fr\/index.php\/wp-json\/wp\/v2\/comments?post=82"}],"wp:featuredmedia":[{"embeddable":true,"href":"https:\/\/www.communicationanimalebyflo.fr\/index.php\/wp-json\/wp\/v2\/media\/1454"}],"wp:attachment":[{"href":"https:\/\/www.communicationanimalebyflo.fr\/index.php\/wp-json\/wp\/v2\/media?parent=82"}],"wp:term":[{"taxonomy":"product_cat","embeddable":true,"href":"https:\/\/www.communicationanimalebyflo.fr\/index.php\/wp-json\/wp\/v2\/product_cat?post=82"},{"taxonomy":"product_tag","embeddable":true,"href":"https:\/\/www.communicationanimalebyflo.fr\/index.php\/wp-json\/wp\/v2\/product_tag?post=82"}],"curies":[{"name":"wp","href":"https:\/\/api.w.org\/{rel}","templated":true}]}}