{"id":64,"date":"2021-02-01T22:47:54","date_gmt":"2021-02-01T21:47:54","guid":{"rendered":"http:\/\/www.communicationanimalebyflo.fr\/?post_type=product&#038;p=64"},"modified":"2025-05-07T21:44:05","modified_gmt":"2025-05-07T19:44:05","slug":"accompagnement-fin-de-vie","status":"publish","type":"product","link":"https:\/\/www.communicationanimalebyflo.fr\/index.php\/produit\/accompagnement-fin-de-vie\/","title":{"rendered":"Communication Animale &#8211; Accompagnement fin de vie"},"content":{"rendered":"<p>Temps\u00a0: 2 \u00e0 3 Communications Animales courtes g\u00e9n\u00e9ralement.<\/p>\n<p>Prix : Le r\u00e8glement doit \u00eatre effectu\u00e9 pour que la Communication Animale puisse avoir lieu.<\/p>\n<p>Possibilit\u00e9 de paiement par CB via le site internet, Paypal si vous avez un compte ( \u00e0 : lacabyflo@gmail.com), virement bancaire (ou ch\u00e8que exceptionnellement).<\/p>\n<p>Lieu\u00a0: \u00e0 distance.<\/p>\n<p>En cas de d\u00e9cision d\u2019euthanasie possible de votre animal, je peux vous accompagner, pour faire passer vos messages \u00e0 votre animal, ou vous donner ses ressentis (psychologiques, corporels).<\/p>\n<p>Informations \u00e0 me transmettre\u00a0par mail \u00e0 <a href=\"mailto:lacabyflo@gmail.com\">lacabyflo@gmail.com<\/a>, ou en message sur ma page <a href=\"https:\/\/www.facebook.com\/LaCAbyFlo\/\">https:\/\/www.facebook.com\/LaCAbyFlo\/<\/a> :<\/p>\n<ul>\n<li>2 photos de votre animal entier, seul, o\u00f9 l\u2019on peut voir ses yeux.<\/li>\n<li>Le pr\u00e9nom utilis\u00e9 au quotidien avec votre animal (peut \u00eatre diff\u00e9rente de celui sur le carnet de sant\u00e9 de suivi v\u00e9t\u00e9rinaire)<\/li>\n<li>Le genre de votre animal (m\u00e2le ou femelle)<\/li>\n<li>Le pr\u00e9nom du gardien.<\/li>\n<\/ul>\n<p>D\u00e9roulement de la premi\u00e8re Communication Animale\u00a0:<\/p>\n<ul>\n<li>Libre expression de l\u2019animal (qui vous permet de reconna\u00eetre votre animal)<\/li>\n<li>Je pose vos questions ou j\u2019oriente sur les th\u00e8mes qui m\u2019ont \u00e9t\u00e9 fourni.<\/li>\n<li>Je demande \u00e0 l\u2019animal s\u2019il a un message, une demande pour sa famille.<\/li>\n<li>J\u2019\u00e9cris et transmets au gardien le compte \u2013rendu.<\/li>\n<\/ul>\n<p>La d\u00e9cision restera dans les mains du gardien en combinant les informations (v\u00e9t\u00e9rinaire, avis du gardien, ressentis capt\u00e9 de l\u2019animal). Le gardien sent ce qui est le plus juste.<\/p>\n<p>Point \u00e9thique\u00a0: je ne suis pas infaillible, je m\u2019engage \u00e0 rembourser la prestation si vous ne reconnaissez pas la personnalit\u00e9 de votre animal.<\/p>\n","protected":false},"excerpt":{"rendered":"<p>Soutien \u00e9motionnel, passage de messages dans ce moment d\u00e9licat pour les 2 \u00eatres.<\/p>\n","protected":false},"featured_media":1430,"comment_status":"open","ping_status":"closed","template":"","meta":{"_EventAllDay":false,"_EventTimezone":"","_EventStartDate":"","_EventEndDate":"","_EventStartDateUTC":"","_EventEndDateUTC":"","_EventShowMap":false,"_EventShowMapLink":false,"_EventURL":"","_EventCost":"","_EventCostDescription":"","_EventCurrencySymbol":"","_EventCurrencyCode":"","_EventCurrencyPosition":"","_EventDateTimeSeparator":"","_EventTimeRangeSeparator":"","_EventOrganizerID":[],"_EventVenueID":0,"_OrganizerEmail":"","_OrganizerPhone":"","_OrganizerWebsite":"","_VenueAddress":"","_VenueCity":"","_VenueCountry":"","_VenueProvince":"","_VenueZip":"","_VenuePhone":"","_VenueURL":"","_VenueStateProvince":"","_VenueLat":"","_VenueLng":""},"product_cat":[26],"product_tag":[],"_links":{"self":[{"href":"https:\/\/www.communicationanimalebyflo.fr\/index.php\/wp-json\/wp\/v2\/product\/64"}],"collection":[{"href":"https:\/\/www.communicationanimalebyflo.fr\/index.php\/wp-json\/wp\/v2\/product"}],"about":[{"href":"https:\/\/www.communicationanimalebyflo.fr\/index.php\/wp-json\/wp\/v2\/types\/product"}],"replies":[{"embeddable":true,"href":"https:\/\/www.communicationanimalebyflo.fr\/index.php\/wp-json\/wp\/v2\/comments?post=64"}],"wp:featuredmedia":[{"embeddable":true,"href":"https:\/\/www.communicationanimalebyflo.fr\/index.php\/wp-json\/wp\/v2\/media\/1430"}],"wp:attachment":[{"href":"https:\/\/www.communicationanimalebyflo.fr\/index.php\/wp-json\/wp\/v2\/media?parent=64"}],"wp:term":[{"taxonomy":"product_cat","embeddable":true,"href":"https:\/\/www.communicationanimalebyflo.fr\/index.php\/wp-json\/wp\/v2\/product_cat?post=64"},{"taxonomy":"product_tag","embeddable":true,"href":"https:\/\/www.communicationanimalebyflo.fr\/index.php\/wp-json\/wp\/v2\/product_tag?post=64"}],"curies":[{"name":"wp","href":"https:\/\/api.w.org\/{rel}","templated":true}]}}