{"id":61,"date":"2021-02-01T22:43:21","date_gmt":"2021-02-01T21:43:21","guid":{"rendered":"http:\/\/www.communicationanimalebyflo.fr\/?post_type=product&#038;p=61"},"modified":"2025-05-07T22:02:10","modified_gmt":"2025-05-07T20:02:10","slug":"communication-animale","status":"publish","type":"product","link":"https:\/\/www.communicationanimalebyflo.fr\/index.php\/produit\/communication-animale\/","title":{"rendered":"Communication Animale Basique"},"content":{"rendered":"<p>Communication Animale sans probl\u00e9matique \u00e0 travailler.<\/p>\n<p>Temps : 45 min \u00e0 1h d\u2019\u00e9change avec l\u2019animal + r\u00e9daction du compte-rendu (20min) + \u00e9change avec le gardien<\/p>\n<p>Prix : Le r\u00e8glement doit \u00eatre effectu\u00e9 pour que la Communication Animale puisse avoir lieu. Possibilit\u00e9 de paiement par CB via le site internet, Paypal si vous avez un compte ( \u00e0 : lacabyflo@gmail.com), virement bancaire (ou ch\u00e8que exceptionnellement).<\/p>\n<p>Lieu\u00a0: \u00e0 distance.<\/p>\n<p>&nbsp;<\/p>\n<p>Informations \u00e0 me transmettre\u00a0par mail \u00e0 <a href=\"mailto:lacabyflo@gmail.com\">lacabyflo@gmail.com<\/a>, ou en message sur ma page <a href=\"https:\/\/www.facebook.com\/LaCAbyFlo\/\">https:\/\/www.facebook.com\/LaCAbyFlo\/<\/a> :<\/p>\n<ul>\n<li>2 photos de votre animal entier, seul, o\u00f9 l\u2019on peut voir son regard.<\/li>\n<li>Le pr\u00e9nom utilis\u00e9 au quotidien avec votre animal (peut \u00eatre diff\u00e9rente de celui sur le carnet de sant\u00e9 de suivi v\u00e9t\u00e9rinaire)<\/li>\n<li>Le genre de votre animal (m\u00e2le ou femelle)<\/li>\n<li>Le pr\u00e9nom du gardien.<\/li>\n<\/ul>\n<p>Vous pouvez choisir soit\u00a0:<\/p>\n<ul>\n<li>Une Communication Animale libre : c&rsquo;est-\u00e0-dire libre expression de votre animal.<\/li>\n<li>Une communication plus cibl\u00e9e avec vos questions (max 10) ou th\u00e8mes (comportement avec cong\u00e9n\u00e8re, comportement avec humains, sant\u00e9, \u00e9motionnel, comp\u00e9tences sportives etc. )<\/li>\n<\/ul>\n<p>NB : je ne fais pas de travail \u00e9nerg\u00e9tique ou de soin dans cette prestation.<\/p>\n<p>Il sera possible d\u2019ajouter vos messages pour votre animal\u00a0: annonce de d\u00e9m\u00e9nagement, d\u2019arriv\u00e9e d\u2019un nouveau membre dans la famille, etc.<\/p>\n<p>D\u00e9roulement de la Communication\u00a0Animale :<\/p>\n<ul>\n<li>Libre expression de l\u2019animal (qui vous permet de reconna\u00eetre votre animal)<\/li>\n<li>Je pose vos questions ou j\u2019oriente sur les th\u00e8mes qui m\u2019ont \u00e9t\u00e9 fournis.<\/li>\n<li>Je demande \u00e0 l\u2019animal s\u2019il a un message, une demande pour sa famille.<\/li>\n<li>J\u2019\u00e9cris et transmets au gardien le compte \u2013rendu.<\/li>\n<\/ul>\n<p>Point \u00e9thique: je ne suis pas infaillible, je m\u2019engage \u00e0 rembourser la prestation si vous ne reconnaissez pas la personnalit\u00e9 de votre animal.<\/p>\n","protected":false},"excerpt":{"rendered":"<p>\u00c9change avec votre animal de compagnie.<\/p>\n","protected":false},"featured_media":1433,"comment_status":"open","ping_status":"closed","template":"","meta":{"_EventAllDay":false,"_EventTimezone":"","_EventStartDate":"","_EventEndDate":"","_EventStartDateUTC":"","_EventEndDateUTC":"","_EventShowMap":false,"_EventShowMapLink":false,"_EventURL":"","_EventCost":"","_EventCostDescription":"","_EventCurrencySymbol":"","_EventCurrencyCode":"","_EventCurrencyPosition":"","_EventDateTimeSeparator":"","_EventTimeRangeSeparator":"","_EventOrganizerID":[],"_EventVenueID":0,"_OrganizerEmail":"","_OrganizerPhone":"","_OrganizerWebsite":"","_VenueAddress":"","_VenueCity":"","_VenueCountry":"","_VenueProvince":"","_VenueZip":"","_VenuePhone":"","_VenueURL":"","_VenueStateProvince":"","_VenueLat":"","_VenueLng":""},"product_cat":[26],"product_tag":[21],"_links":{"self":[{"href":"https:\/\/www.communicationanimalebyflo.fr\/index.php\/wp-json\/wp\/v2\/product\/61"}],"collection":[{"href":"https:\/\/www.communicationanimalebyflo.fr\/index.php\/wp-json\/wp\/v2\/product"}],"about":[{"href":"https:\/\/www.communicationanimalebyflo.fr\/index.php\/wp-json\/wp\/v2\/types\/product"}],"replies":[{"embeddable":true,"href":"https:\/\/www.communicationanimalebyflo.fr\/index.php\/wp-json\/wp\/v2\/comments?post=61"}],"wp:featuredmedia":[{"embeddable":true,"href":"https:\/\/www.communicationanimalebyflo.fr\/index.php\/wp-json\/wp\/v2\/media\/1433"}],"wp:attachment":[{"href":"https:\/\/www.communicationanimalebyflo.fr\/index.php\/wp-json\/wp\/v2\/media?parent=61"}],"wp:term":[{"taxonomy":"product_cat","embeddable":true,"href":"https:\/\/www.communicationanimalebyflo.fr\/index.php\/wp-json\/wp\/v2\/product_cat?post=61"},{"taxonomy":"product_tag","embeddable":true,"href":"https:\/\/www.communicationanimalebyflo.fr\/index.php\/wp-json\/wp\/v2\/product_tag?post=61"}],"curies":[{"name":"wp","href":"https:\/\/api.w.org\/{rel}","templated":true}]}}