{"id":591,"date":"2023-04-04T08:22:05","date_gmt":"2023-04-04T06:22:05","guid":{"rendered":"https:\/\/www.communicationanimalebyflo.fr\/?post_type=product&#038;p=591"},"modified":"2025-10-02T15:05:49","modified_gmt":"2025-10-02T13:05:49","slug":"communication-animale-decouverte","status":"publish","type":"product","link":"https:\/\/www.communicationanimalebyflo.fr\/index.php\/produit\/communication-animale-decouverte\/","title":{"rendered":"Communication Animale courte"},"content":{"rendered":"<p>Communication Animale sans probl\u00e9matique \u00e0 travailler.<\/p>\n<p>Temps : 30min d\u2019\u00e9change avec l\u2019animal + r\u00e9daction du compte-rendu + \u00e9change avec le gardien (15 min)<\/p>\n<p>Possibilit\u00e9 de le faire en direct par t\u00e9l\u00e9phone si nous avons un cr\u00e9neau en commun, vous pouvez m&rsquo;enregistrer, ou prendre des notes.<\/p>\n<p>Prix : Le r\u00e8glement doit \u00eatre effectu\u00e9 pour que la Communication Animale puisse avoir lieu. Possibilit\u00e9 de paiement par CB via le site internet, Paypal si vous avez un compte ( \u00e0 : lacabyflo@gmail.com), virement bancaire (ou ch\u00e8que exceptionnellement).<\/p>\n<p>Lieu\u00a0: \u00e0 distance.<\/p>\n<p>&nbsp;<\/p>\n<p>Informations \u00e0 me transmettre\u00a0par mail \u00e0 <a href=\"mailto:lacabyflo@gmail.com\">lacabyflo@gmail.com<\/a>, ou en message sur ma page <a href=\"https:\/\/www.facebook.com\/LaCAbyFlo\/\">https:\/\/www.facebook.com\/LaCAbyFlo\/<\/a> :<\/p>\n<ul>\n<li>2 photos de votre animal entier, seul, o\u00f9 l\u2019on peut voir son regard.<\/li>\n<li>Le pr\u00e9nom utilis\u00e9 au quotidien avec votre animal (peut \u00eatre diff\u00e9rente de celui sur le carnet de sant\u00e9 de suivi v\u00e9t\u00e9rinaire)<\/li>\n<li>Le genre de votre animal (m\u00e2le ou femelle)<\/li>\n<li>Le pr\u00e9nom du gardien.<\/li>\n<\/ul>\n<p>Ce sera une Communication Libre o\u00f9 vous pouvez rajouter 3-4 questions ou messages.<\/p>\n<p>NB : je ne fais pas de travail \u00e9nerg\u00e9tique ou de soin dans cette prestation.<\/p>\n<p>D\u00e9roulement de la Communication\u00a0Animale :<\/p>\n<ul>\n<li>Libre expression de l\u2019animal (qui vous permet de reconna\u00eetre votre animal)<\/li>\n<li>Je pose vos questions ou j\u2019oriente sur les th\u00e8mes qui m\u2019ont \u00e9t\u00e9 fournis.<\/li>\n<li>Je demande \u00e0 l\u2019animal s\u2019il a un message, une demande pour sa famille.<\/li>\n<li>J\u2019\u00e9cris et transmets au gardien le compte \u2013rendu.<\/li>\n<\/ul>\n<p>Point \u00e9thique: je ne suis pas infaillible, je m\u2019engage \u00e0 rembourser la prestation si vous ne reconnaissez pas la personnalit\u00e9 de votre animal.<\/p>\n","protected":false},"excerpt":{"rendered":"<p>D\u00e9couverte des pens\u00e9es de vos prot\u00e9g\u00e9s \ud83d\ude42<\/p>\n","protected":false},"featured_media":1434,"comment_status":"open","ping_status":"closed","template":"","meta":{"_EventAllDay":false,"_EventTimezone":"","_EventStartDate":"","_EventEndDate":"","_EventStartDateUTC":"","_EventEndDateUTC":"","_EventShowMap":false,"_EventShowMapLink":false,"_EventURL":"","_EventCost":"","_EventCostDescription":"","_EventCurrencySymbol":"","_EventCurrencyCode":"","_EventCurrencyPosition":"","_EventDateTimeSeparator":"","_EventTimeRangeSeparator":"","_EventOrganizerID":[],"_EventVenueID":0,"_OrganizerEmail":"","_OrganizerPhone":"","_OrganizerWebsite":"","_VenueAddress":"","_VenueCity":"","_VenueCountry":"","_VenueProvince":"","_VenueZip":"","_VenuePhone":"","_VenueURL":"","_VenueStateProvince":"","_VenueLat":"","_VenueLng":""},"product_cat":[26],"product_tag":[21],"_links":{"self":[{"href":"https:\/\/www.communicationanimalebyflo.fr\/index.php\/wp-json\/wp\/v2\/product\/591"}],"collection":[{"href":"https:\/\/www.communicationanimalebyflo.fr\/index.php\/wp-json\/wp\/v2\/product"}],"about":[{"href":"https:\/\/www.communicationanimalebyflo.fr\/index.php\/wp-json\/wp\/v2\/types\/product"}],"replies":[{"embeddable":true,"href":"https:\/\/www.communicationanimalebyflo.fr\/index.php\/wp-json\/wp\/v2\/comments?post=591"}],"wp:featuredmedia":[{"embeddable":true,"href":"https:\/\/www.communicationanimalebyflo.fr\/index.php\/wp-json\/wp\/v2\/media\/1434"}],"wp:attachment":[{"href":"https:\/\/www.communicationanimalebyflo.fr\/index.php\/wp-json\/wp\/v2\/media?parent=591"}],"wp:term":[{"taxonomy":"product_cat","embeddable":true,"href":"https:\/\/www.communicationanimalebyflo.fr\/index.php\/wp-json\/wp\/v2\/product_cat?post=591"},{"taxonomy":"product_tag","embeddable":true,"href":"https:\/\/www.communicationanimalebyflo.fr\/index.php\/wp-json\/wp\/v2\/product_tag?post=591"}],"curies":[{"name":"wp","href":"https:\/\/api.w.org\/{rel}","templated":true}]}}