{"id":583,"date":"2023-03-20T11:04:51","date_gmt":"2023-03-20T10:04:51","guid":{"rendered":"https:\/\/www.communicationanimalebyflo.fr\/?post_type=product&#038;p=583"},"modified":"2026-04-13T09:54:21","modified_gmt":"2026-04-13T07:54:21","slug":"communication-animaux-perdus","status":"publish","type":"product","link":"https:\/\/www.communicationanimalebyflo.fr\/index.php\/produit\/communication-animaux-perdus\/","title":{"rendered":"Communication Animaux perdus"},"content":{"rendered":"<p>Communication Animale pour animaux perdus :<\/p>\n<p>Temps : 30 min d\u2019\u00e9change avec l\u2019animal + prise de notes + \u00e9change avec le gardien par \u00e9crit ou oral.<\/p>\n<p>Prix : Le r\u00e8glement doit \u00eatre effectu\u00e9 pour que la Communication Animale puisse avoir lieu. Possibilit\u00e9 de paiement par CB via le site internet, Paypal si vous avez un compte ( \u00e0 : lacabyflo@gmail.com), virement bancaire (ou ch\u00e8que exceptionnellement).<\/p>\n<p>Lieu\u00a0: \u00e0 distance.<\/p>\n<p>&nbsp;<\/p>\n<p>Informations \u00e0 me transmettre\u00a0par mail \u00e0 <a href=\"mailto:lacabyflo@gmail.com\">lacabyflo@gmail.com<\/a>, ou en message sur ma page <a href=\"https:\/\/www.facebook.com\/LaCAbyFlo\/\">https:\/\/www.facebook.com\/LaCAbyFlo\/<\/a> :<\/p>\n<ul>\n<li>2 photos de votre animal entier, seul, o\u00f9 l\u2019on peut voir son regard.<\/li>\n<li>Le pr\u00e9nom utilis\u00e9 au quotidien avec votre animal (peut \u00eatre diff\u00e9rente de celui sur le carnet de sant\u00e9 de suivi v\u00e9t\u00e9rinaire)<\/li>\n<li>Le genre de votre animal (m\u00e2le ou femelle)<\/li>\n<li>Le pr\u00e9nom du gardien.<\/li>\n<\/ul>\n<p>Dans un premier temps, je me familiarise avec l&rsquo;\u00e9nergie de votre animal (qu&rsquo;il soit vivant ou non) et je vous donne une description de sa personnalit\u00e9.<\/p>\n<p>Dans un deuxi\u00e8me temps, je cherche les \u00e9l\u00e9ments de l&rsquo;environnement du pr\u00e9sent (qu&rsquo;il soit vivant ou non), ainsi de ce que je per\u00e7ois dans son corps (douleurs, faim, soif, \u00e9motions)<\/p>\n<p><strong>Attention :<\/strong> Je ne sais pas faire de radiesth\u00e9sie, je ne pourrais pas vous donner d&rsquo;adresse, ou de zone de recherche. Je fais au plus vite pour faire la CA, mais sachez que j&rsquo;ai aussi besoin de prendre soin de moi, de respecter mon niveau d&rsquo;\u00e9nergie afin de ne pas tomber malade, donc je fais au mieux pour les d\u00e9lais, ou le nombre de cas que j&rsquo;accepte.<\/p>\n<p>Courage, je sais combien il est difficile de perdre son animal, pratiquez de votre c\u00f4t\u00e9 le fil d&rsquo;argent, \u00e7a ne pourra qu&rsquo;aider \u00e0 son retour s&rsquo;il peut se d\u00e9placer. Vous pouvez aussi lire l&rsquo;article sur mon site internet qui parle des animaux perdus et de ce qu&rsquo;on peux mettre en place pour favoriser son retour.<\/p>\n<blockquote class=\"wp-embedded-content\" data-secret=\"pY5O1lHQHQ\"><p><a href=\"https:\/\/www.communicationanimalebyflo.fr\/index.php\/animaux-perdus\/\">Animaux perdus<\/a><\/p><\/blockquote>\n<p><iframe class=\"wp-embedded-content\" sandbox=\"allow-scripts\" security=\"restricted\" style=\"position: absolute; clip: rect(1px, 1px, 1px, 1px);\" title=\"\u00ab\u00a0Animaux perdus\u00a0\u00bb &#8212; Communication Animale by Flo et  Trust Technique\u00ae\" src=\"https:\/\/www.communicationanimalebyflo.fr\/index.php\/animaux-perdus\/embed\/#?secret=mJ6nk9N3UQ#?secret=pY5O1lHQHQ\" data-secret=\"pY5O1lHQHQ\" width=\"600\" height=\"338\" frameborder=\"0\" marginwidth=\"0\" marginheight=\"0\" scrolling=\"no\"><\/iframe><\/p>\n<p>Sachez que les CA avec animaux perdus sont particulieres :<br \/>\n&#8211; Il n&rsquo;est pas facile de se rep\u00e9rer dans le temps, il peut y avoir des \u00e9l\u00e9ments de son pass\u00e9, per\u00e7us comme du pr\u00e9sent.<br \/>\n&#8211; Le stress de l&rsquo;animal, le votre (ressenti aussi via votre connexion \u00e0 lui) en font une communication moins neutre, impactant la qualit\u00e9 des infos que l&rsquo;on peut recevoir<br \/>\n&#8211; Ce n&rsquo;est pas miraculeux, l&rsquo;animal ne rentre pas toujours malgr\u00e9 les indications capt\u00e9es, et parfois il peut mettre du temps pour revenir.<br \/>\n&#8211; Il est aussi possible de le sentir vivant s&rsquo;il est d\u00e9funt , s&rsquo;il a re\u00e7u un choc et inversement le sentir d\u00e9funt alors qu&rsquo;il est vivant : s&rsquo;il est malade, bless\u00e9, sonn\u00e9.<br \/>\n&#8211; Parfois (heureusement) l&rsquo;animal est retrouv\u00e9 dans l&rsquo;heure qui suit la CA ou rapidement.<\/p>\n<p>&nbsp;<\/p>\n<p>Point \u00e9thique: je ne suis pas infaillible, je m\u2019engage \u00e0 rembourser la prestation si vous ne reconnaissez pas la personnalit\u00e9 de votre animal.<\/p>\n<p>&nbsp;<\/p>\n<p>Parfois, je retire la prestation temporairement car je ne peux pas suivre trop de cas de disparition en m\u00eame temps. Si cette prestation n&rsquo;est pas disponible, vous pouvez contacter Elodie au 07 60 03 61 77 ou par mail : <span class=\"qu\" tabindex=\"-1\" role=\"gridcell\" translate=\"no\"><span class=\"go\">eloshou7@gmail.com.<br \/>\n<\/span><\/span><\/p>\n","protected":false},"excerpt":{"rendered":"<p>Communication Animaux perdus<\/p>\n","protected":false},"featured_media":1435,"comment_status":"open","ping_status":"closed","template":"","meta":{"_EventAllDay":false,"_EventTimezone":"","_EventStartDate":"","_EventEndDate":"","_EventStartDateUTC":"","_EventEndDateUTC":"","_EventShowMap":false,"_EventShowMapLink":false,"_EventURL":"","_EventCost":"","_EventCostDescription":"","_EventCurrencySymbol":"","_EventCurrencyCode":"","_EventCurrencyPosition":"","_EventDateTimeSeparator":"","_EventTimeRangeSeparator":"","_EventOrganizerID":[],"_EventVenueID":0,"_OrganizerEmail":"","_OrganizerPhone":"","_OrganizerWebsite":"","_VenueAddress":"","_VenueCity":"","_VenueCountry":"","_VenueProvince":"","_VenueZip":"","_VenuePhone":"","_VenueURL":"","_VenueStateProvince":"","_VenueLat":"","_VenueLng":""},"product_cat":[26],"product_tag":[],"_links":{"self":[{"href":"https:\/\/www.communicationanimalebyflo.fr\/index.php\/wp-json\/wp\/v2\/product\/583"}],"collection":[{"href":"https:\/\/www.communicationanimalebyflo.fr\/index.php\/wp-json\/wp\/v2\/product"}],"about":[{"href":"https:\/\/www.communicationanimalebyflo.fr\/index.php\/wp-json\/wp\/v2\/types\/product"}],"replies":[{"embeddable":true,"href":"https:\/\/www.communicationanimalebyflo.fr\/index.php\/wp-json\/wp\/v2\/comments?post=583"}],"wp:featuredmedia":[{"embeddable":true,"href":"https:\/\/www.communicationanimalebyflo.fr\/index.php\/wp-json\/wp\/v2\/media\/1435"}],"wp:attachment":[{"href":"https:\/\/www.communicationanimalebyflo.fr\/index.php\/wp-json\/wp\/v2\/media?parent=583"}],"wp:term":[{"taxonomy":"product_cat","embeddable":true,"href":"https:\/\/www.communicationanimalebyflo.fr\/index.php\/wp-json\/wp\/v2\/product_cat?post=583"},{"taxonomy":"product_tag","embeddable":true,"href":"https:\/\/www.communicationanimalebyflo.fr\/index.php\/wp-json\/wp\/v2\/product_tag?post=583"}],"curies":[{"name":"wp","href":"https:\/\/api.w.org\/{rel}","templated":true}]}}