{"id":339,"date":"2021-08-05T16:10:23","date_gmt":"2021-08-05T14:10:23","guid":{"rendered":"https:\/\/www.communicationanimalebyflo.fr\/?post_type=product&#038;p=339"},"modified":"2025-05-07T23:12:59","modified_gmt":"2025-05-07T21:12:59","slug":"trame-cheval","status":"publish","type":"product","link":"https:\/\/www.communicationanimalebyflo.fr\/index.php\/produit\/trame-cheval\/","title":{"rendered":"Trame cheval"},"content":{"rendered":"<p><u>Principe<\/u>\u00a0: Nettoyage vibratoire de votre animal pour permettre la libre circulation de l\u2019\u00e9nergie et des informations pour r\u00e9tablir l\u2019\u00e9quilibre dans le corps.<\/p>\n<p>La description de la m\u00e9thode est pr\u00e9sente dans l\u2019onglet pr\u00e9sentation de ce site<\/p>\n<p>&nbsp;<\/p>\n<p><u>Prix\u00a0:<\/u> 60 euros \/ animal<\/p>\n<p>&nbsp;<\/p>\n<p><u>Lieu\u00a0<\/u>: \u00e0 l\u2019attache, avec le gardien, sur le lieu de vie de votre cheval, maximum \u00e0 1h de Saint Mathieu de Tr\u00e9viers (34270) ou \u00e0 distance avec contact t\u00e9l\u00e9phonique durant la s\u00e9ance.<\/p>\n<p>&nbsp;<\/p>\n<p><u>D\u00e9roulement de la s\u00e9ance (1h15) : <\/u><\/p>\n<p>&#8211; Temps d\u2019\u00e9change sur la\/les probl\u00e9matiques de l\u2019animal avec le gardien<\/p>\n<p>&#8211; La trame est pratiqu\u00e9e, en pr\u00e9sence obligatoire du gardien qui maintien et s\u00e9curise son animal, dans un lieu rassurant pour l\u2019animal, calme et a\u00e9r\u00e9 (si en pr\u00e9sentiel)<\/p>\n<p>&#8211; Court temps d\u2019\u00e9change apr\u00e8s<\/p>\n<p>&nbsp;<\/p>\n<p><u>Dans quelles situations utiliser la Trame animale<\/u>\u00a0:<\/p>\n<p>&#8211; pour apaiser le plan \u00e9motionnel\u00a0: anxi\u00e9t\u00e9, peurs, stress, agressivit\u00e9, apathie, etc.<\/p>\n<p>&#8211; pour \u00e9liminer les \u00e9motions de mal-\u00eatre li\u00e9 \u00e0 un pass\u00e9 difficile, maltraitance, abandon.<\/p>\n<p>&#8211; pour diminuer les tensions et douleurs (en enlevant la charge \u00e9motionnelle)<\/p>\n<p>&#8211; Avant et apr\u00e8s chirurgie pour diminuer le stress<\/p>\n<p>&#8211; pour aider \u00e0 l\u2019adaptation d\u2019une nouvelle situation\u00a0: changement de maison, adoption d\u2019un nouvel animal, d\u00e9placement dans un lieu de vacance, etc.<\/p>\n<p>&nbsp;<\/p>\n<p>Rappel\u00a0: cette technique ne peut se substituer \u00e0 un traitement v\u00e9t\u00e9rinaire. Aucun diagnostic ne peut \u00eatre pos\u00e9.<\/p>\n","protected":false},"excerpt":{"rendered":"<p>M\u00e9thode de nettoyage vibratoire pour un corps lib\u00e9r\u00e9 de ses blocages \u00e9motionnels.<\/p>\n","protected":false},"featured_media":1442,"comment_status":"open","ping_status":"closed","template":"","meta":{"_EventAllDay":false,"_EventTimezone":"","_EventStartDate":"","_EventEndDate":"","_EventStartDateUTC":"","_EventEndDateUTC":"","_EventShowMap":false,"_EventShowMapLink":false,"_EventURL":"","_EventCost":"","_EventCostDescription":"","_EventCurrencySymbol":"","_EventCurrencyCode":"","_EventCurrencyPosition":"","_EventDateTimeSeparator":"","_EventTimeRangeSeparator":"","_EventOrganizerID":[],"_EventVenueID":0,"_OrganizerEmail":"","_OrganizerPhone":"","_OrganizerWebsite":"","_VenueAddress":"","_VenueCity":"","_VenueCountry":"","_VenueProvince":"","_VenueZip":"","_VenuePhone":"","_VenueURL":"","_VenueStateProvince":"","_VenueLat":"","_VenueLng":""},"product_cat":[27],"product_tag":[],"_links":{"self":[{"href":"https:\/\/www.communicationanimalebyflo.fr\/index.php\/wp-json\/wp\/v2\/product\/339"}],"collection":[{"href":"https:\/\/www.communicationanimalebyflo.fr\/index.php\/wp-json\/wp\/v2\/product"}],"about":[{"href":"https:\/\/www.communicationanimalebyflo.fr\/index.php\/wp-json\/wp\/v2\/types\/product"}],"replies":[{"embeddable":true,"href":"https:\/\/www.communicationanimalebyflo.fr\/index.php\/wp-json\/wp\/v2\/comments?post=339"}],"wp:featuredmedia":[{"embeddable":true,"href":"https:\/\/www.communicationanimalebyflo.fr\/index.php\/wp-json\/wp\/v2\/media\/1442"}],"wp:attachment":[{"href":"https:\/\/www.communicationanimalebyflo.fr\/index.php\/wp-json\/wp\/v2\/media?parent=339"}],"wp:term":[{"taxonomy":"product_cat","embeddable":true,"href":"https:\/\/www.communicationanimalebyflo.fr\/index.php\/wp-json\/wp\/v2\/product_cat?post=339"},{"taxonomy":"product_tag","embeddable":true,"href":"https:\/\/www.communicationanimalebyflo.fr\/index.php\/wp-json\/wp\/v2\/product_tag?post=339"}],"curies":[{"name":"wp","href":"https:\/\/api.w.org\/{rel}","templated":true}]}}