{"id":205,"date":"2021-02-23T17:07:47","date_gmt":"2021-02-23T16:07:47","guid":{"rendered":"http:\/\/www.communicationanimalebyflo.fr\/?post_type=product&#038;p=205"},"modified":"2025-10-01T18:33:21","modified_gmt":"2025-10-01T16:33:21","slug":"communication-animale-avec-problematique","status":"publish","type":"product","link":"https:\/\/www.communicationanimalebyflo.fr\/index.php\/produit\/communication-animale-avec-problematique\/","title":{"rendered":"Communication Animale avec Probl\u00e9matique"},"content":{"rendered":"<p>Communication Animale avec une Probl\u00e9matique.<\/p>\n<p>Temps : 45 min d\u2019\u00e9change avec l&rsquo;animal + 30 min de travail \u00e9nerg\u00e9tique avec l\u2019animal + r\u00e9daction du compte-rendu (20min) + \u00e9change avec le gardien<\/p>\n<p>Prix : Le r\u00e8glement doit \u00eatre effectu\u00e9 pour que la Communication Animale puisse avoir lieu. Possibilit\u00e9 de paiement par CB via le site internet, Paypal si vous avez un compte ( \u00e0 : lacabyflo@gmail.com), virement bancaire (ou ch\u00e8que exceptionnellement).<\/p>\n<p>Lieu\u00a0: \u00e0 distance.<\/p>\n<p>&nbsp;<\/p>\n<p>Informations \u00e0 me transmettre\u00a0par mail \u00e0 <a href=\"mailto:lacabyflo@gmail.com\">lacabyflo@gmail.com<\/a>, ou en message sur ma page <a href=\"https:\/\/www.facebook.com\/LaCAbyFlo\/\">https:\/\/www.facebook.com\/LaCAbyFlo\/<\/a> :<\/p>\n<ul>\n<li>2 photos de votre animal entier, seul (de pr\u00e9f\u00e9rence), o\u00f9 l\u2019on peut voir son regard au moins sur une photo. Les photos doivent \u00eatre r\u00e9centes (c&rsquo;est \u00e0 dire de la semaine).<\/li>\n<li>Le pr\u00e9nom utilis\u00e9 au quotidien avec votre animal (peut \u00eatre diff\u00e9rente de celui sur le carnet de sant\u00e9 de suivi v\u00e9t\u00e9rinaire)<\/li>\n<li>Le genre de votre animal (m\u00e2le ou femelle)<\/li>\n<li>Le pr\u00e9nom du gardien.<\/li>\n<li>Vos questions (max 8) ou messages + une description de votre probl\u00e9matique si besoin.<\/li>\n<\/ul>\n<p>Caract\u00e9ristiques et d\u00e9roulement de la Communication :<\/p>\n<ul>\n<li>Une communication cibl\u00e9e en fonction de la probl\u00e9matique (li\u00e9e au comportement, agressivit\u00e9, marquage, apathie, peur, d\u00e9prime, etc. )<\/li>\n<li>Une partie sera d\u00e9di\u00e9e \u00e0 la compr\u00e9hension du point de vue de l&rsquo;animal sur la probl\u00e9matique.<\/li>\n<li>Une seconde partie portera sur un travail \u00e9motionnel pour r\u00e9duire l&rsquo;intensit\u00e9 voir stopper la probl\u00e9matique.<\/li>\n<li>J&rsquo;\u00e9cris et transmets au gardien le compte-rendu.<\/li>\n<\/ul>\n<p>NB : Selon la nature, la profondeur de la probl\u00e9matique, il est possible qu&rsquo;il soit n\u00e9cessaire de faire plusieurs s\u00e9ances de travail sur l&rsquo;\u00e9motionnel. Forfait possible ou je peux vous enseigner la technique pour que vous appliquiez vous m\u00eame la technique.<\/p>\n<p>NB : Ce travail n&rsquo;est pas pertinent si le probl\u00e8me est uniquement d&rsquo;ordre de sant\u00e9 tel qu&rsquo;un probl\u00e8me d&rsquo;alimentation, ou d&rsquo;\u00e9ducation.<\/p>\n","protected":false},"excerpt":{"rendered":"<p>Aide \u00e0 comprendre et am\u00e9liorer une situation probl\u00e9matique.<\/p>\n","protected":false},"featured_media":1432,"comment_status":"open","ping_status":"closed","template":"","meta":{"_EventAllDay":false,"_EventTimezone":"","_EventStartDate":"","_EventEndDate":"","_EventStartDateUTC":"","_EventEndDateUTC":"","_EventShowMap":false,"_EventShowMapLink":false,"_EventURL":"","_EventCost":"","_EventCostDescription":"","_EventCurrencySymbol":"","_EventCurrencyCode":"","_EventCurrencyPosition":"","_EventDateTimeSeparator":"","_EventTimeRangeSeparator":"","_EventOrganizerID":[],"_EventVenueID":0,"_OrganizerEmail":"","_OrganizerPhone":"","_OrganizerWebsite":"","_VenueAddress":"","_VenueCity":"","_VenueCountry":"","_VenueProvince":"","_VenueZip":"","_VenuePhone":"","_VenueURL":"","_VenueStateProvince":"","_VenueLat":"","_VenueLng":""},"product_cat":[26],"product_tag":[],"_links":{"self":[{"href":"https:\/\/www.communicationanimalebyflo.fr\/index.php\/wp-json\/wp\/v2\/product\/205"}],"collection":[{"href":"https:\/\/www.communicationanimalebyflo.fr\/index.php\/wp-json\/wp\/v2\/product"}],"about":[{"href":"https:\/\/www.communicationanimalebyflo.fr\/index.php\/wp-json\/wp\/v2\/types\/product"}],"replies":[{"embeddable":true,"href":"https:\/\/www.communicationanimalebyflo.fr\/index.php\/wp-json\/wp\/v2\/comments?post=205"}],"wp:featuredmedia":[{"embeddable":true,"href":"https:\/\/www.communicationanimalebyflo.fr\/index.php\/wp-json\/wp\/v2\/media\/1432"}],"wp:attachment":[{"href":"https:\/\/www.communicationanimalebyflo.fr\/index.php\/wp-json\/wp\/v2\/media?parent=205"}],"wp:term":[{"taxonomy":"product_cat","embeddable":true,"href":"https:\/\/www.communicationanimalebyflo.fr\/index.php\/wp-json\/wp\/v2\/product_cat?post=205"},{"taxonomy":"product_tag","embeddable":true,"href":"https:\/\/www.communicationanimalebyflo.fr\/index.php\/wp-json\/wp\/v2\/product_tag?post=205"}],"curies":[{"name":"wp","href":"https:\/\/api.w.org\/{rel}","templated":true}]}}