{"id":1677,"date":"2025-12-03T18:39:05","date_gmt":"2025-12-03T17:39:05","guid":{"rendered":"https:\/\/www.communicationanimalebyflo.fr\/?post_type=product&#038;p=1677"},"modified":"2025-12-03T18:55:46","modified_gmt":"2025-12-03T17:55:46","slug":"liste-de-questions-pour-ca-niveau-perfectionnement","status":"publish","type":"product","link":"https:\/\/www.communicationanimalebyflo.fr\/index.php\/produit\/liste-de-questions-pour-ca-niveau-perfectionnement\/","title":{"rendered":"Liste de questions pour CA &#8211; niveau perfectionnement"},"content":{"rendered":"<p>Ce produit est un pdf de plus de 200 d&rsquo;id\u00e9es de questions \u00e0 poser lors de vos Communications Animales, pour mieux appronfondir les discussions.<\/p>\n<p>Les th\u00e8mes abord\u00e9s sont vari\u00e9s. J&rsquo;utilisais moi-m\u00eame beaucoup ce questionnaire quand j&rsquo;ai d\u00e9but\u00e9. Je vous partage mes questions sur la sant\u00e9 du corps physique, les probl\u00e8mes de comportement et certains cas particuliers, sur les pass\u00e9s avec traumatisme(s), la relation avec le gardien, et les animaux perdus (plus on est pr\u00e9cis, plus on favorise le retour).<\/p>\n<p>&nbsp;<\/p>\n<p>Ce produit s&rsquo;adresse uniquement aux personnes d\u00e9j\u00e0 form\u00e9es \u00e0 la Communication Animale, qui g\u00e8rent les questions de base, mais qui se sentent parfois limiter pour faire \u00e9voluer ou comprendre une situation.<\/p>\n<p>Ce pdf et la pratique que vous en ferez ne remplacera pas un avis m\u00e9dical.<\/p>\n<p>Si vous voulez plus d&rsquo;astuces, de conseils pour r\u00e9aliser vos communications animales, prenez le niveau 2 perfectionnement en Communication Animale que je propose sur mon site internet.<\/p>\n<p>Une fois l&rsquo;achat fait, le site internet vous envoie directement sous quelques minutes le pdf. Si toutefois vous ne l&rsquo;aviez pas re\u00e7u, envoyez moi un mail \u00e0 lacabyflo@gmail.com, je vous r\u00e9pondrai aussi vite que possible.<\/p>\n<p>&nbsp;<\/p>\n<p>Je vous souhaite une belle progression \ud83d\ude42<\/p>\n<p>&nbsp;<\/p>\n","protected":false},"excerpt":{"rendered":"<p>Questionnaire de Communication Animale pour personne \u00e0 l&rsquo;aise en CA et souhaitant am\u00e9liorer ou mieux comprendre des situations.<\/p>\n","protected":false},"featured_media":1678,"comment_status":"open","ping_status":"closed","template":"","meta":{"_EventAllDay":false,"_EventTimezone":"","_EventStartDate":"","_EventEndDate":"","_EventStartDateUTC":"","_EventEndDateUTC":"","_EventShowMap":false,"_EventShowMapLink":false,"_EventURL":"","_EventCost":"","_EventCostDescription":"","_EventCurrencySymbol":"","_EventCurrencyCode":"","_EventCurrencyPosition":"","_EventDateTimeSeparator":"","_EventTimeRangeSeparator":"","_EventOrganizerID":[],"_EventVenueID":0,"_OrganizerEmail":"","_OrganizerPhone":"","_OrganizerWebsite":"","_VenueAddress":"","_VenueCity":"","_VenueCountry":"","_VenueProvince":"","_VenueZip":"","_VenuePhone":"","_VenueURL":"","_VenueStateProvince":"","_VenueLat":"","_VenueLng":""},"product_cat":[23],"product_tag":[],"_links":{"self":[{"href":"https:\/\/www.communicationanimalebyflo.fr\/index.php\/wp-json\/wp\/v2\/product\/1677"}],"collection":[{"href":"https:\/\/www.communicationanimalebyflo.fr\/index.php\/wp-json\/wp\/v2\/product"}],"about":[{"href":"https:\/\/www.communicationanimalebyflo.fr\/index.php\/wp-json\/wp\/v2\/types\/product"}],"replies":[{"embeddable":true,"href":"https:\/\/www.communicationanimalebyflo.fr\/index.php\/wp-json\/wp\/v2\/comments?post=1677"}],"wp:featuredmedia":[{"embeddable":true,"href":"https:\/\/www.communicationanimalebyflo.fr\/index.php\/wp-json\/wp\/v2\/media\/1678"}],"wp:attachment":[{"href":"https:\/\/www.communicationanimalebyflo.fr\/index.php\/wp-json\/wp\/v2\/media?parent=1677"}],"wp:term":[{"taxonomy":"product_cat","embeddable":true,"href":"https:\/\/www.communicationanimalebyflo.fr\/index.php\/wp-json\/wp\/v2\/product_cat?post=1677"},{"taxonomy":"product_tag","embeddable":true,"href":"https:\/\/www.communicationanimalebyflo.fr\/index.php\/wp-json\/wp\/v2\/product_tag?post=1677"}],"curies":[{"name":"wp","href":"https:\/\/api.w.org\/{rel}","templated":true}]}}