{"id":1655,"date":"2025-11-07T15:53:34","date_gmt":"2025-11-07T14:53:34","guid":{"rendered":"https:\/\/www.communicationanimalebyflo.fr\/?post_type=product&#038;p=1655"},"modified":"2025-11-07T16:18:48","modified_gmt":"2025-11-07T15:18:48","slug":"maxi-pack-serenite","status":"publish","type":"product","link":"https:\/\/www.communicationanimalebyflo.fr\/index.php\/produit\/maxi-pack-serenite\/","title":{"rendered":"3 &#8211; Maxi &#8211; Pack s\u00e9r\u00e9nit\u00e9 avec la Trust Technique \u00ae"},"content":{"rendered":"<p>Ce pack contient la premi\u00e8re s\u00e9ance ainsi que 6 s\u00e9ances de travail d\u2019une heure. Valable 1 an \u00e0 compter de la date d&rsquo;achat.<\/p>\n<p>Normalement le prix serait de 120+(90 *6) = 660 euros\u00a0 \u00a0Avec ce pack, une s\u00e9ance de suivi est offerte, le prix est de 550 euros.<\/p>\n<p>&nbsp;<\/p>\n<p><u>Pour quels animaux<\/u> : tous les animaux d\u2019int\u00e9rieur dont les chats, chiens, NAC.\u00a0 (je ne suis pas certifi\u00e9e pour les chevaux pour le moment)<\/p>\n<p><u>Pour quel gardien\/propri\u00e9taire<\/u> : pour toutes les personnes qui ont du temps \u00e0 consacrer \u00e0 leur animal, au moins 15 \u00e0 30 minutes par jour d\u2019exercices. Il faut \u00e9galement de la patience, de la douceur et une grosse dose de motivation pour continuer les exercices jusqu\u2019\u00e0 l\u2019atteinte de votre objectif. Si ce n\u2019est pas le cas, je ne suis pas la bonne personne pour vous accompagner vers une am\u00e9lioration.<\/p>\n<p>La premi\u00e8re s\u00e9ance de 1h30 (parfois 2h), vous apprendra la base de technique. Cela permet de cr\u00e9er ou de renforcer le lien entre l\u2019humain et l\u2019animal. On commence d\u00e9j\u00e0 \u00e0 travailler, qu\u2019est ce qu\u2019est \u00ab\u00a0\u00eatre serein\u00a0\u00bb pour l\u2019animal et son humain.<\/p>\n<p>Les s\u00e9ances de suivi, seront adapt\u00e9es en fonction de la probl\u00e9matique. Les probl\u00e9matiques peuvent \u00eatre :<\/p>\n<ul>\n<li>Etre calme en pr\u00e9sence d\u2019un autre animal, chez soi ou dehors.<\/li>\n<li>Meilleure gestion \u00e9motionnelle face \u00e0 la nourriture.<\/li>\n<li>Apprentissage de la solitude.<\/li>\n<li>La peur de gros bruits : feu d\u2019artifice, coup de feu, etc.<\/li>\n<li>La peur d\u2019inconnu humain.<\/li>\n<li>La gestion de l\u2019hyper-excitation .<\/li>\n<li>Les aboiements excessifs devant la baie vitr\u00e9e, dans le jardin.<\/li>\n<li>La coupe de griffes.<\/li>\n<li>La mise en boite de transport.<\/li>\n<li>Le voyage en voiture.<\/li>\n<li>Le port de la museli\u00e8re.<\/li>\n<li>la r\u00e9action aux roues (trottinette, v\u00e9lo, roller par exemple)<\/li>\n<li>etc. (n\u2019h\u00e9sitez pas \u00e0 me contacter pour me parler de votre probl\u00e9matique)<\/li>\n<\/ul>\n<p>Ce Maxi \u2013 Pack est id\u00e9al lorsque l\u2019animal est traumatis\u00e9, ou pr\u00e9sente plusieurs probl\u00e9matiques.<\/p>\n","protected":false},"excerpt":{"rendered":"<p>Maxi-pack s\u00e9r\u00e9nit\u00e9, pour apporter l&rsquo;harmonie dans votre foyer.<\/p>\n","protected":false},"featured_media":1438,"comment_status":"open","ping_status":"closed","template":"","meta":{"_EventAllDay":false,"_EventTimezone":"","_EventStartDate":"","_EventEndDate":"","_EventStartDateUTC":"","_EventEndDateUTC":"","_EventShowMap":false,"_EventShowMapLink":false,"_EventURL":"","_EventCost":"","_EventCostDescription":"","_EventCurrencySymbol":"","_EventCurrencyCode":"","_EventCurrencyPosition":"","_EventDateTimeSeparator":"","_EventTimeRangeSeparator":"","_EventOrganizerID":[],"_EventVenueID":0,"_OrganizerEmail":"","_OrganizerPhone":"","_OrganizerWebsite":"","_VenueAddress":"","_VenueCity":"","_VenueCountry":"","_VenueProvince":"","_VenueZip":"","_VenuePhone":"","_VenueURL":"","_VenueStateProvince":"","_VenueLat":"","_VenueLng":""},"product_cat":[29],"product_tag":[],"_links":{"self":[{"href":"https:\/\/www.communicationanimalebyflo.fr\/index.php\/wp-json\/wp\/v2\/product\/1655"}],"collection":[{"href":"https:\/\/www.communicationanimalebyflo.fr\/index.php\/wp-json\/wp\/v2\/product"}],"about":[{"href":"https:\/\/www.communicationanimalebyflo.fr\/index.php\/wp-json\/wp\/v2\/types\/product"}],"replies":[{"embeddable":true,"href":"https:\/\/www.communicationanimalebyflo.fr\/index.php\/wp-json\/wp\/v2\/comments?post=1655"}],"wp:featuredmedia":[{"embeddable":true,"href":"https:\/\/www.communicationanimalebyflo.fr\/index.php\/wp-json\/wp\/v2\/media\/1438"}],"wp:attachment":[{"href":"https:\/\/www.communicationanimalebyflo.fr\/index.php\/wp-json\/wp\/v2\/media?parent=1655"}],"wp:term":[{"taxonomy":"product_cat","embeddable":true,"href":"https:\/\/www.communicationanimalebyflo.fr\/index.php\/wp-json\/wp\/v2\/product_cat?post=1655"},{"taxonomy":"product_tag","embeddable":true,"href":"https:\/\/www.communicationanimalebyflo.fr\/index.php\/wp-json\/wp\/v2\/product_tag?post=1655"}],"curies":[{"name":"wp","href":"https:\/\/api.w.org\/{rel}","templated":true}]}}