{"id":1654,"date":"2025-11-07T15:43:51","date_gmt":"2025-11-07T14:43:51","guid":{"rendered":"https:\/\/www.communicationanimalebyflo.fr\/?post_type=product&#038;p=1654"},"modified":"2025-11-07T16:19:16","modified_gmt":"2025-11-07T15:19:16","slug":"mini-pack-serenite","status":"publish","type":"product","link":"https:\/\/www.communicationanimalebyflo.fr\/index.php\/produit\/mini-pack-serenite\/","title":{"rendered":"2 &#8211; Mini &#8211; Pack s\u00e9r\u00e9nit\u00e9 avec la Trust Technique \u00ae"},"content":{"rendered":"<p>Ce pack contient la premi\u00e8re s\u00e9ance ainsi que 3 s\u00e9ances de travail d&rsquo;une heure. Valable 6 mois \u00e0 compter de la date d&rsquo;achat.<\/p>\n<p>Normalement le prix serait de 120+90+90+90 = 390 euros\u00a0 \u00a0Avec ce pack, une s\u00e9ance de suivi est offerte, le prix est de 300 euros.<\/p>\n<p>&nbsp;<\/p>\n<p><u>Pour quels animaux<\/u> : tous les animaux d\u2019int\u00e9rieur dont les chats, chiens, NAC.\u00a0 (je ne suis pas certifi\u00e9e pour les chevaux pour le moment)<\/p>\n<p><u>Pour quel gardien\/propri\u00e9taire<\/u> : pour toutes les personnes qui ont du temps \u00e0 consacrer \u00e0 leur animal, au moins 15 \u00e0 30 minutes par jour d\u2019exercices. Il faut \u00e9galement de la patience, de la douceur et une grosse dose de motivation pour continuer les exercices jusqu\u2019\u00e0 l\u2019atteinte de votre objectif. Si ce n\u2019est pas le cas, je ne suis pas la bonne personne pour vous accompagner vers une am\u00e9lioration.<\/p>\n<p>La premi\u00e8re s\u00e9ance de 1h30 (parfois 2h), vous apprendra la base de technique. Cela permet de cr\u00e9er ou de renforcer le lien entre l&rsquo;humain et l&rsquo;animal. On commence d\u00e9j\u00e0 \u00e0 travailler, qu&rsquo;est ce qu&rsquo;est \u00ab\u00a0\u00eatre serein\u00a0\u00bb pour l&rsquo;animal et son humain.<\/p>\n<p>Les s\u00e9ances de suivi, seront adapt\u00e9es en fonction de la probl\u00e9matique. Les probl\u00e9matiques peuvent \u00eatre :<\/p>\n<ul>\n<li>\u00a0Etre calme en pr\u00e9sence d&rsquo;un autre animal, chez soi ou dehors.<\/li>\n<li>Meilleure gestion \u00e9motionnelle face \u00e0 la nourriture.<\/li>\n<li>Apprentissage de la solitude.<\/li>\n<li>La peur de gros bruits : feu d&rsquo;artifice, coup de feu, etc.<\/li>\n<li>La peur d&rsquo;inconnu humain.<\/li>\n<li>La gestion de l&rsquo;hyper-excitation .<\/li>\n<li>Les aboiements excessifs devant la baie vitr\u00e9e, dans le jardin.<\/li>\n<li>La coupe de griffes.<\/li>\n<li>La mise en boite de transport.<\/li>\n<li>Le voyage en voiture.<\/li>\n<li>Le port de la museli\u00e8re.<\/li>\n<li>la r\u00e9action aux roues (trottinette, v\u00e9lo, roller par exemple)<\/li>\n<li>etc. (n&rsquo;h\u00e9sitez pas \u00e0 me contacter pour me parler de votre probl\u00e9matique)<\/li>\n<\/ul>\n<p>Ce Mini &#8211; Pack est id\u00e9al lorsque l&rsquo;animal a 1 ou 2 probl\u00e9matiques maximum.<\/p>\n","protected":false},"excerpt":{"rendered":"<p>Mini &#8211; Pack de s\u00e9r\u00e9nit\u00e9, pour plus de bien-\u00eatre dans votre quotidien !<\/p>\n","protected":false},"featured_media":1438,"comment_status":"open","ping_status":"closed","template":"","meta":{"_EventAllDay":false,"_EventTimezone":"","_EventStartDate":"","_EventEndDate":"","_EventStartDateUTC":"","_EventEndDateUTC":"","_EventShowMap":false,"_EventShowMapLink":false,"_EventURL":"","_EventCost":"","_EventCostDescription":"","_EventCurrencySymbol":"","_EventCurrencyCode":"","_EventCurrencyPosition":"","_EventDateTimeSeparator":"","_EventTimeRangeSeparator":"","_EventOrganizerID":[],"_EventVenueID":0,"_OrganizerEmail":"","_OrganizerPhone":"","_OrganizerWebsite":"","_VenueAddress":"","_VenueCity":"","_VenueCountry":"","_VenueProvince":"","_VenueZip":"","_VenuePhone":"","_VenueURL":"","_VenueStateProvince":"","_VenueLat":"","_VenueLng":""},"product_cat":[29],"product_tag":[],"_links":{"self":[{"href":"https:\/\/www.communicationanimalebyflo.fr\/index.php\/wp-json\/wp\/v2\/product\/1654"}],"collection":[{"href":"https:\/\/www.communicationanimalebyflo.fr\/index.php\/wp-json\/wp\/v2\/product"}],"about":[{"href":"https:\/\/www.communicationanimalebyflo.fr\/index.php\/wp-json\/wp\/v2\/types\/product"}],"replies":[{"embeddable":true,"href":"https:\/\/www.communicationanimalebyflo.fr\/index.php\/wp-json\/wp\/v2\/comments?post=1654"}],"wp:featuredmedia":[{"embeddable":true,"href":"https:\/\/www.communicationanimalebyflo.fr\/index.php\/wp-json\/wp\/v2\/media\/1438"}],"wp:attachment":[{"href":"https:\/\/www.communicationanimalebyflo.fr\/index.php\/wp-json\/wp\/v2\/media?parent=1654"}],"wp:term":[{"taxonomy":"product_cat","embeddable":true,"href":"https:\/\/www.communicationanimalebyflo.fr\/index.php\/wp-json\/wp\/v2\/product_cat?post=1654"},{"taxonomy":"product_tag","embeddable":true,"href":"https:\/\/www.communicationanimalebyflo.fr\/index.php\/wp-json\/wp\/v2\/product_tag?post=1654"}],"curies":[{"name":"wp","href":"https:\/\/api.w.org\/{rel}","templated":true}]}}