{"id":1444,"date":"2025-05-09T09:24:08","date_gmt":"2025-05-09T07:24:08","guid":{"rendered":"https:\/\/www.communicationanimalebyflo.fr\/?post_type=product&#038;p=1444"},"modified":"2025-05-19T12:04:54","modified_gmt":"2025-05-19T10:04:54","slug":"liste-de-questions-pour-ca-niveau-debutant","status":"publish","type":"product","link":"https:\/\/www.communicationanimalebyflo.fr\/index.php\/produit\/liste-de-questions-pour-ca-niveau-debutant\/","title":{"rendered":"Liste de questions pour CA &#8211; niveau d\u00e9butant"},"content":{"rendered":"<p>Ce produit est un pdf d&rsquo;une 100aine d&rsquo;id\u00e9es de questions \u00e0 poser lors de vos Communications Animales quand vous \u00eates d\u00e9butant.<\/p>\n<p>Il y a des questions sp\u00e9ciales pour chat, pour chien, pour chevaux, pour NAC (Nouveaux Animaux de Compagnies), pour reptiles et animaux sauvages !<\/p>\n<p>Avec cette liste vous pourrez faire des communications avec des sujets plus vari\u00e9s, plus complets et surtout sp\u00e9cialis\u00e9s en fonction de l&rsquo;esp\u00e8ce \u00e0 laquelle vous vous connectez.<\/p>\n<p>&nbsp;<\/p>\n<p>Ce produit s&rsquo;adresse uniquement aux personnes d\u00e9j\u00e0 form\u00e9es \u00e0 la Communication Animale, qui savent se connecter et qui cherchent \u00e0 am\u00e9liorer leur pr\u00e9cision et la qualit\u00e9 des informations obtenues durant la CA.<\/p>\n<p>Une fois l&rsquo;achat fait, le site internet vous envoie directement sous quelques minutes le pdf. Si toutefois vous ne l&rsquo;aviez pas re\u00e7u, envoyez moi un mail \u00e0 lacabyflo@gmail.com, je vous r\u00e9pondrai aussi vite que possible.<\/p>\n<p>&nbsp;<\/p>\n<p>Je vous souhaite une belle progression \ud83d\ude42<\/p>\n<p>&nbsp;<\/p>\n","protected":false},"excerpt":{"rendered":"<p>Questionnaire de Communication Animale pour personne d\u00e9j\u00e0 form\u00e9e \u00e0 la CA.<\/p>\n","protected":false},"featured_media":1450,"comment_status":"open","ping_status":"closed","template":"","meta":{"_EventAllDay":false,"_EventTimezone":"","_EventStartDate":"","_EventEndDate":"","_EventStartDateUTC":"","_EventEndDateUTC":"","_EventShowMap":false,"_EventShowMapLink":false,"_EventURL":"","_EventCost":"","_EventCostDescription":"","_EventCurrencySymbol":"","_EventCurrencyCode":"","_EventCurrencyPosition":"","_EventDateTimeSeparator":"","_EventTimeRangeSeparator":"","_EventOrganizerID":[],"_EventVenueID":0,"_OrganizerEmail":"","_OrganizerPhone":"","_OrganizerWebsite":"","_VenueAddress":"","_VenueCity":"","_VenueCountry":"","_VenueProvince":"","_VenueZip":"","_VenuePhone":"","_VenueURL":"","_VenueStateProvince":"","_VenueLat":"","_VenueLng":""},"product_cat":[23],"product_tag":[],"_links":{"self":[{"href":"https:\/\/www.communicationanimalebyflo.fr\/index.php\/wp-json\/wp\/v2\/product\/1444"}],"collection":[{"href":"https:\/\/www.communicationanimalebyflo.fr\/index.php\/wp-json\/wp\/v2\/product"}],"about":[{"href":"https:\/\/www.communicationanimalebyflo.fr\/index.php\/wp-json\/wp\/v2\/types\/product"}],"replies":[{"embeddable":true,"href":"https:\/\/www.communicationanimalebyflo.fr\/index.php\/wp-json\/wp\/v2\/comments?post=1444"}],"wp:featuredmedia":[{"embeddable":true,"href":"https:\/\/www.communicationanimalebyflo.fr\/index.php\/wp-json\/wp\/v2\/media\/1450"}],"wp:attachment":[{"href":"https:\/\/www.communicationanimalebyflo.fr\/index.php\/wp-json\/wp\/v2\/media?parent=1444"}],"wp:term":[{"taxonomy":"product_cat","embeddable":true,"href":"https:\/\/www.communicationanimalebyflo.fr\/index.php\/wp-json\/wp\/v2\/product_cat?post=1444"},{"taxonomy":"product_tag","embeddable":true,"href":"https:\/\/www.communicationanimalebyflo.fr\/index.php\/wp-json\/wp\/v2\/product_tag?post=1444"}],"curies":[{"name":"wp","href":"https:\/\/api.w.org\/{rel}","templated":true}]}}