{"id":1258,"date":"2025-02-16T11:34:26","date_gmt":"2025-02-16T10:34:26","guid":{"rendered":"https:\/\/www.communicationanimalebyflo.fr\/?post_type=product&#038;p=1258"},"modified":"2025-05-09T11:08:10","modified_gmt":"2025-05-09T09:08:10","slug":"enfant-formation-1er-niveau-communication-animale","status":"publish","type":"product","link":"https:\/\/www.communicationanimalebyflo.fr\/index.php\/produit\/enfant-formation-1er-niveau-communication-animale\/","title":{"rendered":"Formation Enfant : Communication Animale (\u00e0 partir de 10ans)"},"content":{"rendered":"<p>Dans cette formation, j\u2019apprends \u00e0 votre enfant \u00e0 se connecter \u00e0 un animal, \u00e0 travailler leur exactitude dans les informations obtenues. Je les accompagne pour qu\u2019ils gagnent un peu en autonomie pour faire les Communications Animales par eux-m\u00eames.<\/p>\n<p>Temps : 2 demi-journ\u00e9es ou une journ\u00e9e en fonction du profil de l\u2019enfant.<\/p>\n<p>Prix\u00a0: \u00e0 r\u00e9gler avant la session pour y \u00eatre accept\u00e9 er recevoir le lien de connexion. Possibilit\u00e9 de paiement par CB via le site internet, Paypal si vous avez un compte (\u00e0 : lacabyflo@gmail.com), virement bancaire (ou ch\u00e8que exceptionnellement).<\/p>\n<p>Lieu\u00a0: \u00e0 distance, via Zoom. (Il suffira de cliquer sur un lien) Ou \u00e0 votre domicile si vous habitez \u00e0 moins d\u2019une heure de mon village Sauteyrargues 34270)<\/p>\n<p>Important\u00a0: <strong>Un adulte doit forc\u00e9ment \u00eatre pr\u00e9sent tout le long de la formation avec l\u2019enfant.<\/strong><\/p>\n<p>L\u2019enfant doit avoir tr\u00e8s envie lui-m\u00eame de faire cette formation.<\/p>\n<p>Nombre d\u2019enfants\u00a0: 1 ou 2 maximum.<\/p>\n<p>Age de l\u2019enfant\u00a0: 10 ans \u00e0 15ans. (16 ans et + , il est possible en fonction du profil de l\u2019adolescent de faire directement le 1<sup>er<\/sup> niveau pour adulte, qui va plus loin sur les explications)<\/p>\n<p>&nbsp;<\/p>\n<ul>\n<li>Il y a dans cette formation, un petit temps o\u00f9 j\u2019\u00e9change uniquement avec les parents sur comment accompagner leur enfant dans leurs entrainements.<\/li>\n<\/ul>\n<p>&nbsp;<\/p>\n<p>Si vous avez des questions, n\u2019h\u00e9sitez pas \u00e0 me contacter.<\/p>\n","protected":false},"excerpt":{"rendered":"<p>Formation de Communication Animale pour enfant. (les autres niveaux sont pour les adultes)<\/p>\n","protected":false},"featured_media":1457,"comment_status":"open","ping_status":"closed","template":"","meta":{"_EventAllDay":false,"_EventTimezone":"","_EventStartDate":"","_EventEndDate":"","_EventStartDateUTC":"","_EventEndDateUTC":"","_EventShowMap":false,"_EventShowMapLink":false,"_EventURL":"","_EventCost":"","_EventCostDescription":"","_EventCurrencySymbol":"","_EventCurrencyCode":"","_EventCurrencyPosition":"","_EventDateTimeSeparator":"","_EventTimeRangeSeparator":"","_EventOrganizerID":[],"_EventVenueID":0,"_OrganizerEmail":"","_OrganizerPhone":"","_OrganizerWebsite":"","_VenueAddress":"","_VenueCity":"","_VenueCountry":"","_VenueProvince":"","_VenueZip":"","_VenuePhone":"","_VenueURL":"","_VenueStateProvince":"","_VenueLat":"","_VenueLng":""},"product_cat":[23],"product_tag":[],"_links":{"self":[{"href":"https:\/\/www.communicationanimalebyflo.fr\/index.php\/wp-json\/wp\/v2\/product\/1258"}],"collection":[{"href":"https:\/\/www.communicationanimalebyflo.fr\/index.php\/wp-json\/wp\/v2\/product"}],"about":[{"href":"https:\/\/www.communicationanimalebyflo.fr\/index.php\/wp-json\/wp\/v2\/types\/product"}],"replies":[{"embeddable":true,"href":"https:\/\/www.communicationanimalebyflo.fr\/index.php\/wp-json\/wp\/v2\/comments?post=1258"}],"wp:featuredmedia":[{"embeddable":true,"href":"https:\/\/www.communicationanimalebyflo.fr\/index.php\/wp-json\/wp\/v2\/media\/1457"}],"wp:attachment":[{"href":"https:\/\/www.communicationanimalebyflo.fr\/index.php\/wp-json\/wp\/v2\/media?parent=1258"}],"wp:term":[{"taxonomy":"product_cat","embeddable":true,"href":"https:\/\/www.communicationanimalebyflo.fr\/index.php\/wp-json\/wp\/v2\/product_cat?post=1258"},{"taxonomy":"product_tag","embeddable":true,"href":"https:\/\/www.communicationanimalebyflo.fr\/index.php\/wp-json\/wp\/v2\/product_tag?post=1258"}],"curies":[{"name":"wp","href":"https:\/\/api.w.org\/{rel}","templated":true}]}}