{"id":1187,"date":"2024-12-19T08:59:32","date_gmt":"2024-12-19T07:59:32","guid":{"rendered":"https:\/\/www.communicationanimalebyflo.fr\/?post_type=product&#038;p=1187"},"modified":"2024-12-19T09:17:44","modified_gmt":"2024-12-19T08:17:44","slug":"devenir-professionnel-de-trust-technique","status":"publish","type":"product","link":"https:\/\/www.communicationanimalebyflo.fr\/index.php\/produit\/devenir-professionnel-de-trust-technique\/","title":{"rendered":"Devenir professionnel de Trust Technique\u00ae"},"content":{"rendered":"<p>Vous r\u00eavez d&rsquo;enseigner comme moi la Trust Technique \u00e0 des particuliers, et vous souhaitez \u00eatre form\u00e9 pour \u00eatre professionnel? Je ne l&rsquo;enseigne pas personnellement. Je n&rsquo;en ai pas le droit mais surtout, je ne ferai jamais une formation aussi compl\u00e8te , aussi p\u00e9dagogique, et transformante que celle de James French\u00a0 lui-m\u00eame.<\/p>\n<p>Si vous avez d\u00e9j\u00e0 regarder les messages of trust, puis vu \u00ab\u00a0the video course\u00a0\u00bb, vous pouvez postuler \u00e0 la formation professionnalisante.<\/p>\n<p>Vous ferez partie d&rsquo;une belle communaut\u00e9, et vous serez soutenu tout au long de votre formation par James et Shelley. Il y aura beaucoup de th\u00e9orie et encore plus de pratique.<\/p>\n<p>Vous vous demandez quels sont les pr\u00e9-requis : avoir un amour pour le monde animal, avoir travailler ou eu des animaux est un plus, il vous faut parler anglais, un minimum en tout cas. Il vous faudra de la patience, et l&rsquo;envie de progresser. Ne pas h\u00e9sitez \u00e0 demander de l&rsquo;aide si vous avez des difficult\u00e9s, m\u00eame si c&rsquo;est li\u00e9 \u00e0 votre mat\u00e9riel informatique (je dis \u00e7a comme \u00e7a ^^ ) .<\/p>\n<p>Voici le lien pour acc\u00e9der \u00e0 la formation professionnalisante : <a href=\"https:\/\/trust-technique.com\/product\/crossfields-institute-level-3-diploma-in-mindfulness-for-people-with-their-animals\/tt\/237\/\">https:\/\/trust-technique.com\/product\/crossfields-institute-level-3-diploma-in-mindfulness-for-people-with-their-animals\/tt\/237<\/a><\/p>\n<p>Au plaisir de rencontrer de nouveaux homologues &lt;3<\/p>\n<p>&#8212;<\/p>\n<p>Je souhaite que le monde de demain soit plus rempli de personnes qui sauront lire l&rsquo;autre avec leur coeur \u2764<\/p>\n","protected":false},"excerpt":{"rendered":"<p>Formation professionnalisante de James French.<\/p>\n","protected":false},"featured_media":975,"comment_status":"open","ping_status":"closed","template":"","meta":{"_EventAllDay":false,"_EventTimezone":"","_EventStartDate":"","_EventEndDate":"","_EventStartDateUTC":"","_EventEndDateUTC":"","_EventShowMap":false,"_EventShowMapLink":false,"_EventURL":"","_EventCost":"","_EventCostDescription":"","_EventCurrencySymbol":"","_EventCurrencyCode":"","_EventCurrencyPosition":"","_EventDateTimeSeparator":"","_EventTimeRangeSeparator":"","_EventOrganizerID":[],"_EventVenueID":0,"_OrganizerEmail":"","_OrganizerPhone":"","_OrganizerWebsite":"","_VenueAddress":"","_VenueCity":"","_VenueCountry":"","_VenueProvince":"","_VenueZip":"","_VenuePhone":"","_VenueURL":"","_VenueStateProvince":"","_VenueLat":"","_VenueLng":""},"product_cat":[29],"product_tag":[],"_links":{"self":[{"href":"https:\/\/www.communicationanimalebyflo.fr\/index.php\/wp-json\/wp\/v2\/product\/1187"}],"collection":[{"href":"https:\/\/www.communicationanimalebyflo.fr\/index.php\/wp-json\/wp\/v2\/product"}],"about":[{"href":"https:\/\/www.communicationanimalebyflo.fr\/index.php\/wp-json\/wp\/v2\/types\/product"}],"replies":[{"embeddable":true,"href":"https:\/\/www.communicationanimalebyflo.fr\/index.php\/wp-json\/wp\/v2\/comments?post=1187"}],"wp:featuredmedia":[{"embeddable":true,"href":"https:\/\/www.communicationanimalebyflo.fr\/index.php\/wp-json\/wp\/v2\/media\/975"}],"wp:attachment":[{"href":"https:\/\/www.communicationanimalebyflo.fr\/index.php\/wp-json\/wp\/v2\/media?parent=1187"}],"wp:term":[{"taxonomy":"product_cat","embeddable":true,"href":"https:\/\/www.communicationanimalebyflo.fr\/index.php\/wp-json\/wp\/v2\/product_cat?post=1187"},{"taxonomy":"product_tag","embeddable":true,"href":"https:\/\/www.communicationanimalebyflo.fr\/index.php\/wp-json\/wp\/v2\/product_tag?post=1187"}],"curies":[{"name":"wp","href":"https:\/\/api.w.org\/{rel}","templated":true}]}}