{"id":1165,"date":"2024-12-05T18:00:17","date_gmt":"2024-12-05T17:00:17","guid":{"rendered":"https:\/\/www.communicationanimalebyflo.fr\/?post_type=product&#038;p=1165"},"modified":"2024-12-05T19:27:56","modified_gmt":"2024-12-05T18:27:56","slug":"cas-pratiques-de-trust-technique-en-video","status":"publish","type":"product","link":"https:\/\/www.communicationanimalebyflo.fr\/index.php\/produit\/cas-pratiques-de-trust-technique-en-video\/","title":{"rendered":"Cas pratiques de Trust Technique\u00ae en vid\u00e9o"},"content":{"rendered":"<p>Dans ma prestation, je vous apprends comment appliquer pr\u00e9cis\u00e9ment la Trust Technique \u00ae avec votre animal en adaptant \u00e0 sa probl\u00e9matique.<\/p>\n<p>Je vous propose \u00e9galement un suivi gratuit par t\u00e9l\u00e9phone (toutes les semaines jusqu&rsquo;\u00e0 obtention du r\u00e9sultat souhait\u00e9) ou en pr\u00e9sentiel, dans la prestation sur mon site internet.<\/p>\n<p>Vous pouvez, directement sur le site de James French, choisir son cours en video! Il n&rsquo;y aura pas de tutorat, ce sont des vid\u00e9os pr\u00e9-enregistr\u00e9es. Mais c&rsquo;est une r\u00e9el mine de tr\u00e9sors. Pr\u00e9parez-vous \u00e0 avoir la larme \u00e0 l&rsquo;oeil pour certains cas. Celui des ours m&rsquo;a personnellement tr\u00e8s touch\u00e9.<\/p>\n<p>Le prix est de l&rsquo;odre de 350 euros environ apr\u00e8s conversion. Votre banque s&rsquo;occupera de le faire. Le paiement est \u00e0 faire directement sur le site de James French en suivant le lien ci-dessous :<\/p>\n<p>Voici le lien pour acc\u00e9der \u00e0 ce cours : <a href=\"https:\/\/trust-technique.com\/courses\/trust-technique-video-course\/tt\/237\/\">https:\/\/trust-technique.com\/courses\/trust-technique-video-course\/tt\/237\/<\/a><\/p>\n<p>N&rsquo;h\u00e9sitez pas \u00e0 venir m&rsquo;en parler, quand vous aurez tout visionn\u00e9!<\/p>\n<p>&#8212;<\/p>\n<p>Je souhaite que le monde de demain soit plus rempli de personnes qui sauront lire l&rsquo;autre avec leur coeur \u2764<\/p>\n","protected":false},"excerpt":{"rendered":"<p>Le cours en vid\u00e9o de James French.<\/p>\n","protected":false},"featured_media":975,"comment_status":"open","ping_status":"closed","template":"","meta":{"_EventAllDay":false,"_EventTimezone":"","_EventStartDate":"","_EventEndDate":"","_EventStartDateUTC":"","_EventEndDateUTC":"","_EventShowMap":false,"_EventShowMapLink":false,"_EventURL":"","_EventCost":"","_EventCostDescription":"","_EventCurrencySymbol":"","_EventCurrencyCode":"","_EventCurrencyPosition":"","_EventDateTimeSeparator":"","_EventTimeRangeSeparator":"","_EventOrganizerID":[],"_EventVenueID":0,"_OrganizerEmail":"","_OrganizerPhone":"","_OrganizerWebsite":"","_VenueAddress":"","_VenueCity":"","_VenueCountry":"","_VenueProvince":"","_VenueZip":"","_VenuePhone":"","_VenueURL":"","_VenueStateProvince":"","_VenueLat":"","_VenueLng":""},"product_cat":[29],"product_tag":[],"_links":{"self":[{"href":"https:\/\/www.communicationanimalebyflo.fr\/index.php\/wp-json\/wp\/v2\/product\/1165"}],"collection":[{"href":"https:\/\/www.communicationanimalebyflo.fr\/index.php\/wp-json\/wp\/v2\/product"}],"about":[{"href":"https:\/\/www.communicationanimalebyflo.fr\/index.php\/wp-json\/wp\/v2\/types\/product"}],"replies":[{"embeddable":true,"href":"https:\/\/www.communicationanimalebyflo.fr\/index.php\/wp-json\/wp\/v2\/comments?post=1165"}],"wp:featuredmedia":[{"embeddable":true,"href":"https:\/\/www.communicationanimalebyflo.fr\/index.php\/wp-json\/wp\/v2\/media\/975"}],"wp:attachment":[{"href":"https:\/\/www.communicationanimalebyflo.fr\/index.php\/wp-json\/wp\/v2\/media?parent=1165"}],"wp:term":[{"taxonomy":"product_cat","embeddable":true,"href":"https:\/\/www.communicationanimalebyflo.fr\/index.php\/wp-json\/wp\/v2\/product_cat?post=1165"},{"taxonomy":"product_tag","embeddable":true,"href":"https:\/\/www.communicationanimalebyflo.fr\/index.php\/wp-json\/wp\/v2\/product_tag?post=1165"}],"curies":[{"name":"wp","href":"https:\/\/api.w.org\/{rel}","templated":true}]}}