{"id":1164,"date":"2024-12-05T17:38:18","date_gmt":"2024-12-05T16:38:18","guid":{"rendered":"https:\/\/www.communicationanimalebyflo.fr\/?post_type=product&#038;p=1164"},"modified":"2024-12-05T19:28:32","modified_gmt":"2024-12-05T18:28:32","slug":"decouverte-du-principe-de-trust-technique-r","status":"publish","type":"product","link":"https:\/\/www.communicationanimalebyflo.fr\/index.php\/produit\/decouverte-du-principe-de-trust-technique-r\/","title":{"rendered":"D\u00e9couverte du principe de Trust Technique \u00ae"},"content":{"rendered":"<p>Gratuit!<\/p>\n<p>C&rsquo;est offert par James French pour le moment! Vous pouvez capter l&rsquo;essence de la Trust Technique \u00ae et le principe de la m\u00e9thode!<\/p>\n<p>C&rsquo;est une technique incroyable, d&rsquo;une grande douceur, qui respecte l&rsquo;animal et son rythme de progression.<\/p>\n<p>Vous pourrez utiliser cette technique quelque soit le probl\u00e8me \u00e9motionnel de votre animal : peur, anxi\u00e9t\u00e9, stress, hyper-excitation, irritabilit\u00e9, col\u00e9rique, etc.<\/p>\n<p>Il vous suffit de cr\u00e9er un compte sur leur site en cliquant sur ce lien :<\/p>\n<p>Le site est en anglais certes, mais les vid\u00e9os sont sous-titr\u00e9es en fran\u00e7ais.<\/p>\n<p><a href=\"https:\/\/trust-technique.com\/product\/messages-of-trust\/tt\/237\/\">https:\/\/trust-technique.com\/product\/messages-of-trust\/tt\/237\/<\/a><\/p>\n<p>Belle d\u00e9couverte \ud83d\ude42<\/p>\n","protected":false},"excerpt":{"rendered":"<p>D\u00e9couverte de la Trust Technique \u00ae<\/p>\n","protected":false},"featured_media":975,"comment_status":"open","ping_status":"closed","template":"","meta":{"_EventAllDay":false,"_EventTimezone":"","_EventStartDate":"","_EventEndDate":"","_EventStartDateUTC":"","_EventEndDateUTC":"","_EventShowMap":false,"_EventShowMapLink":false,"_EventURL":"","_EventCost":"","_EventCostDescription":"","_EventCurrencySymbol":"","_EventCurrencyCode":"","_EventCurrencyPosition":"","_EventDateTimeSeparator":"","_EventTimeRangeSeparator":"","_EventOrganizerID":[],"_EventVenueID":0,"_OrganizerEmail":"","_OrganizerPhone":"","_OrganizerWebsite":"","_VenueAddress":"","_VenueCity":"","_VenueCountry":"","_VenueProvince":"","_VenueZip":"","_VenuePhone":"","_VenueURL":"","_VenueStateProvince":"","_VenueLat":"","_VenueLng":""},"product_cat":[29],"product_tag":[],"_links":{"self":[{"href":"https:\/\/www.communicationanimalebyflo.fr\/index.php\/wp-json\/wp\/v2\/product\/1164"}],"collection":[{"href":"https:\/\/www.communicationanimalebyflo.fr\/index.php\/wp-json\/wp\/v2\/product"}],"about":[{"href":"https:\/\/www.communicationanimalebyflo.fr\/index.php\/wp-json\/wp\/v2\/types\/product"}],"replies":[{"embeddable":true,"href":"https:\/\/www.communicationanimalebyflo.fr\/index.php\/wp-json\/wp\/v2\/comments?post=1164"}],"wp:featuredmedia":[{"embeddable":true,"href":"https:\/\/www.communicationanimalebyflo.fr\/index.php\/wp-json\/wp\/v2\/media\/975"}],"wp:attachment":[{"href":"https:\/\/www.communicationanimalebyflo.fr\/index.php\/wp-json\/wp\/v2\/media?parent=1164"}],"wp:term":[{"taxonomy":"product_cat","embeddable":true,"href":"https:\/\/www.communicationanimalebyflo.fr\/index.php\/wp-json\/wp\/v2\/product_cat?post=1164"},{"taxonomy":"product_tag","embeddable":true,"href":"https:\/\/www.communicationanimalebyflo.fr\/index.php\/wp-json\/wp\/v2\/product_tag?post=1164"}],"curies":[{"name":"wp","href":"https:\/\/api.w.org\/{rel}","templated":true}]}}