{"id":1161,"date":"2024-12-05T15:36:11","date_gmt":"2024-12-05T14:36:11","guid":{"rendered":"https:\/\/www.communicationanimalebyflo.fr\/?post_type=product&#038;p=1161"},"modified":"2025-11-07T16:17:35","modified_gmt":"2025-11-07T15:17:35","slug":"seance-de-suivi-trust-technique-r","status":"publish","type":"product","link":"https:\/\/www.communicationanimalebyflo.fr\/index.php\/produit\/seance-de-suivi-trust-technique-r\/","title":{"rendered":"1bis &#8211; S\u00e9ance de suivi Trust Technique \u00ae"},"content":{"rendered":"<p>Vous avez appris \u00e0 faire la Trust Technique avec votre animal en ma pr\u00e9sence, et vous souhaitez du soutien pour aller plus loin sur certaines probl\u00e9matiques?<\/p>\n<p>Vous pouvez choisir cette prestation!<\/p>\n<p>Cette s\u00e9ance peut avoir lieu en pr\u00e9sentiel avec un suppl\u00e9ment pour le d\u00e9placement (en moyenne 15 euros), \u00e0 30min autour de Sauteyrargues.<\/p>\n<p>Cette s\u00e9ance peut aussi avoir lieu en distanciel, via Zoom, peut importe o\u00f9 vous \u00eates dans le monde \ud83d\ude42<\/p>\n<p>Pour avoir une meilleure id\u00e9e de l&rsquo;essence de la technique, ou pour voir des cas pratiques avec le fondateur de la m\u00e9thode, pour une valeur d&rsquo;environ 350 euros (\u00e0 convertir, le montant est de 297 livre sterling + leur taxe). Il y a plus de 60heures de vid\u00e9os de cas pratiques, c&rsquo;est une vraie p\u00e9pite pour vous donner des id\u00e9es pour faire \u00e9voluer vous-m\u00eame les exercices.<\/p>\n<p>C&rsquo;est accessible aux particuliers, pour une pratique non professionnelle.<\/p>\n<p><a href=\"https:\/\/trust-technique.com\/courses\/trust-technique-video-course\/tt\/237\/\">https:\/\/trust-technique.com\/courses\/trust-technique-video-course\/tt\/237\/<\/a><\/p>\n","protected":false},"excerpt":{"rendered":"<p>S\u00e9ance de travail pour un animal plus serein au quotidien.<\/p>\n","protected":false},"featured_media":1439,"comment_status":"open","ping_status":"closed","template":"","meta":{"_EventAllDay":false,"_EventTimezone":"","_EventStartDate":"","_EventEndDate":"","_EventStartDateUTC":"","_EventEndDateUTC":"","_EventShowMap":false,"_EventShowMapLink":false,"_EventURL":"","_EventCost":"","_EventCostDescription":"","_EventCurrencySymbol":"","_EventCurrencyCode":"","_EventCurrencyPosition":"","_EventDateTimeSeparator":"","_EventTimeRangeSeparator":"","_EventOrganizerID":[],"_EventVenueID":0,"_OrganizerEmail":"","_OrganizerPhone":"","_OrganizerWebsite":"","_VenueAddress":"","_VenueCity":"","_VenueCountry":"","_VenueProvince":"","_VenueZip":"","_VenuePhone":"","_VenueURL":"","_VenueStateProvince":"","_VenueLat":"","_VenueLng":""},"product_cat":[29],"product_tag":[],"_links":{"self":[{"href":"https:\/\/www.communicationanimalebyflo.fr\/index.php\/wp-json\/wp\/v2\/product\/1161"}],"collection":[{"href":"https:\/\/www.communicationanimalebyflo.fr\/index.php\/wp-json\/wp\/v2\/product"}],"about":[{"href":"https:\/\/www.communicationanimalebyflo.fr\/index.php\/wp-json\/wp\/v2\/types\/product"}],"replies":[{"embeddable":true,"href":"https:\/\/www.communicationanimalebyflo.fr\/index.php\/wp-json\/wp\/v2\/comments?post=1161"}],"wp:featuredmedia":[{"embeddable":true,"href":"https:\/\/www.communicationanimalebyflo.fr\/index.php\/wp-json\/wp\/v2\/media\/1439"}],"wp:attachment":[{"href":"https:\/\/www.communicationanimalebyflo.fr\/index.php\/wp-json\/wp\/v2\/media?parent=1161"}],"wp:term":[{"taxonomy":"product_cat","embeddable":true,"href":"https:\/\/www.communicationanimalebyflo.fr\/index.php\/wp-json\/wp\/v2\/product_cat?post=1161"},{"taxonomy":"product_tag","embeddable":true,"href":"https:\/\/www.communicationanimalebyflo.fr\/index.php\/wp-json\/wp\/v2\/product_tag?post=1161"}],"curies":[{"name":"wp","href":"https:\/\/api.w.org\/{rel}","templated":true}]}}