{"id":1006,"date":"2024-06-12T08:48:45","date_gmt":"2024-06-12T06:48:45","guid":{"rendered":"https:\/\/www.communicationanimalebyflo.fr\/?post_type=product&#038;p=1006"},"modified":"2025-05-09T10:37:11","modified_gmt":"2025-05-09T08:37:11","slug":"acompte-pour-reserver-une-place-de-formation","status":"publish","type":"product","link":"https:\/\/www.communicationanimalebyflo.fr\/index.php\/produit\/acompte-pour-reserver-une-place-de-formation\/","title":{"rendered":"Acompte pour r\u00e9server une place de formation."},"content":{"rendered":"<p>Les dates disponibles pour les formations, sont affich\u00e9es sur ma page d&rsquo;accueil de mon site internet (celui sur lequel vous \u00eates actuellement).<\/p>\n<p>Les dates qui ne sont plus disponibles, sont retir\u00e9es de mon site internet (sauf quand je suis en cong\u00e9, je n&rsquo;ai pas toujours acc\u00e8s \u00e0 mon site).<\/p>\n<p>D\u00e8s qu&rsquo;une date vous convient, sachant qu&rsquo;il y en a chaque mois, vous m&rsquo;envoyer un mail \u00e0 lacabyflo@gmail.com pour me donner la ou les dates qui vous int\u00e9ressent. Dans ce mail, vous pouvez en profitez pour m&rsquo;\u00e9crire :<\/p>\n<p>&#8211; les dates qui vous int\u00e9ressent<\/p>\n<p>&#8211; qu&rsquo;est ce qui vous am\u00e8ne \u00e0 la Communication Animale<\/p>\n<p>&#8211; si vous avez des pratiques autres dans le domaine spirituel, ou du bien-\u00eatre (magn\u00e9tisme, soin \u00e9nerg\u00e9tique, sophrologie, etc. )<\/p>\n<p>&#8211; comment vous m&rsquo;avez connu \ud83d\ude42<\/p>\n<p><strong>D\u00e8s que vous avez ma validation,<\/strong> que les places sont bien dispo, vous pouvez verser un acompte, soit via mon site ici m\u00eame, soit par virement bancaire. Le reste est \u00e0 pay\u00e9 le jour J de la formation ou avant cette date.<\/p>\n<p>Bien \u00e9videmment, vous pouvez payer tout en une fois, en prenant uniquement la prestation directement sur mon site internet.<\/p>\n<p>Au plaisir de vous rencontrer et de vous guider sur le chemin de la Communication Animale!<\/p>\n","protected":false},"excerpt":{"rendered":"<p>Acompte pour r\u00e9server sa place de formation niveau 1, 2 ou 3.<\/p>\n","protected":false},"featured_media":1452,"comment_status":"open","ping_status":"closed","template":"","meta":{"_EventAllDay":false,"_EventTimezone":"","_EventStartDate":"","_EventEndDate":"","_EventStartDateUTC":"","_EventEndDateUTC":"","_EventShowMap":false,"_EventShowMapLink":false,"_EventURL":"","_EventCost":"","_EventCostDescription":"","_EventCurrencySymbol":"","_EventCurrencyCode":"","_EventCurrencyPosition":"","_EventDateTimeSeparator":"","_EventTimeRangeSeparator":"","_EventOrganizerID":[],"_EventVenueID":0,"_OrganizerEmail":"","_OrganizerPhone":"","_OrganizerWebsite":"","_VenueAddress":"","_VenueCity":"","_VenueCountry":"","_VenueProvince":"","_VenueZip":"","_VenuePhone":"","_VenueURL":"","_VenueStateProvince":"","_VenueLat":"","_VenueLng":""},"product_cat":[23],"product_tag":[],"_links":{"self":[{"href":"https:\/\/www.communicationanimalebyflo.fr\/index.php\/wp-json\/wp\/v2\/product\/1006"}],"collection":[{"href":"https:\/\/www.communicationanimalebyflo.fr\/index.php\/wp-json\/wp\/v2\/product"}],"about":[{"href":"https:\/\/www.communicationanimalebyflo.fr\/index.php\/wp-json\/wp\/v2\/types\/product"}],"replies":[{"embeddable":true,"href":"https:\/\/www.communicationanimalebyflo.fr\/index.php\/wp-json\/wp\/v2\/comments?post=1006"}],"wp:featuredmedia":[{"embeddable":true,"href":"https:\/\/www.communicationanimalebyflo.fr\/index.php\/wp-json\/wp\/v2\/media\/1452"}],"wp:attachment":[{"href":"https:\/\/www.communicationanimalebyflo.fr\/index.php\/wp-json\/wp\/v2\/media?parent=1006"}],"wp:term":[{"taxonomy":"product_cat","embeddable":true,"href":"https:\/\/www.communicationanimalebyflo.fr\/index.php\/wp-json\/wp\/v2\/product_cat?post=1006"},{"taxonomy":"product_tag","embeddable":true,"href":"https:\/\/www.communicationanimalebyflo.fr\/index.php\/wp-json\/wp\/v2\/product_tag?post=1006"}],"curies":[{"name":"wp","href":"https:\/\/api.w.org\/{rel}","templated":true}]}}