{"id":78,"date":"2021-02-01T22:58:08","date_gmt":"2021-02-01T21:58:08","guid":{"rendered":"http:\/\/www.communicationanimalebyflo.fr\/?page_id=78"},"modified":"2026-04-13T09:56:49","modified_gmt":"2026-04-13T07:56:49","slug":"animaux-perdus","status":"publish","type":"page","link":"https:\/\/www.communicationanimalebyflo.fr\/index.php\/animaux-perdus\/","title":{"rendered":"Animaux perdus"},"content":{"rendered":"\n<figure class=\"wp-block-image size-medium\"><img decoding=\"async\" loading=\"lazy\" width=\"300\" height=\"199\" src=\"https:\/\/www.communicationanimalebyflo.fr\/wp-content\/uploads\/2025\/05\/Affiche-animal-perdu-300x199.jpg\" alt=\"Affiche d'un chien chat perdu \" class=\"wp-image-1413\" srcset=\"https:\/\/www.communicationanimalebyflo.fr\/wp-content\/uploads\/2025\/05\/Affiche-animal-perdu-300x199.jpg 300w, https:\/\/www.communicationanimalebyflo.fr\/wp-content\/uploads\/2025\/05\/Affiche-animal-perdu-1024x679.jpg 1024w, https:\/\/www.communicationanimalebyflo.fr\/wp-content\/uploads\/2025\/05\/Affiche-animal-perdu-768x509.jpg 768w, https:\/\/www.communicationanimalebyflo.fr\/wp-content\/uploads\/2025\/05\/Affiche-animal-perdu-400x265.jpg 400w, https:\/\/www.communicationanimalebyflo.fr\/wp-content\/uploads\/2025\/05\/Affiche-animal-perdu-600x398.jpg 600w, https:\/\/www.communicationanimalebyflo.fr\/wp-content\/uploads\/2025\/05\/Affiche-animal-perdu.jpg 1280w\" sizes=\"(max-width: 300px) 100vw, 300px\" \/><\/figure>\n\n\n\n<p class=\"has-text-align-center\">Que faire quand mon animal disparait&nbsp;?<\/p>\n\n\n\n<p>Ayant perdu moi-m\u00eame un chat, j\u2019avais \u00e9tabli un liste de choses \u00e0 faire pour le retrouver en cumulant tous les petits conseils que j\u2019ai pu entendre et lire. Je vous partage cette liste, pour si un jour malheureusement vous en aviez besoin. Cela vous fera gagner en efficacit\u00e9 pour d\u00e9marrer vos recherches.<\/p>\n\n\n\n<ul>\n<li>D\u00e9claration de perte de l\u2019animal sur application filapat, ou directement \u00e0 l\u2019ICAD. Si votre animal arrive chez le v\u00e9t\u00e9rinaire, on vous appellera directement. Attention \u00e0 ce que vos coordonn\u00e9es soient bien \u00e0 jour.<\/li>\n\n\n\n<li>Appliquer la technique d\u2019appel de Patricia Franckhauser. Cela consiste \u00e0 appeler son animal \u00e0 un timing r\u00e9gulier, au moment du coucher du soleil, tous les jours (tanpis pour les voisins).<\/li>\n\n\n\n<li>Recherche sur le terrain, si possible avec des amis. Questionner voisinage, demander \u00e0 v\u00e9rifier les garages, les caves, l\u2019int\u00e9rieur des voitures, les cabanes de jardins. Recherche de nuit \u00e9galement pour avoir plus de chances de voir les yeux des chats.<\/li>\n\n\n\n<li>Affiches sur poubelles, cabines t\u00e9l\u00e9phoniques, votre voiture, salles d&rsquo;attente des v\u00e9t\u00e9rinaires et boulangeries, garages, lieux o\u00f9 il aurait \u00e9t\u00e9 aper\u00e7u. Sur l\u2019affiche il vous faut&nbsp;: photo r\u00e9cente o\u00f9 votre animal est seul et en gros plan, votre num\u00e9ro de tel, son surnom auquel il r\u00e9pond. (d\u00e9l\u00e9guer certaines \u00e9tapes si vous pouvez).<\/li>\n\n\n\n<li>Publier une annonce sur des sites, sur les r\u00e9seaux sociaux: pet alert de votre d\u00e9partement, chat perdu .org. vigilance chat perdu, animaux perdus trouv\u00e9s, la page de votre ville\/village.<\/li>\n\n\n\n<li>Sortir la liti\u00e8re dehors pour les odeurs.<\/li>\n\n\n\n<li>Appel v\u00e9to pour d\u00e9clarer la puce et la couleur de votre animal.<\/li>\n\n\n\n<li>Appel fourri\u00e8re, appelle mairie service de voirie, SPA locale.<\/li>\n\n\n\n<li>Le soir au calme, pratiquer le cordon d\u2019argent. En faisant au maximum le calme en vous, imaginer un lien, une corde entre votre c\u0153ur et celui de votre animal, envoyer des messages d\u2019amour, pr\u00e9ciser que vous le rechercher, imaginez le en train de rentrer \u00e0 la maison avec la joie que cela procure.<\/li>\n\n\n\n<li>Si c&rsquo;est un chat, aller aux endroits de nourrisage de chats errants proche de chez vous, ou encore passez chez les personnes ag\u00e9es qui laissent r\u00e9guli\u00e8rement de la nourriture pour chat dehors. <\/li>\n\n\n\n<li>Faire appel \u00e0 un radiesth\u00e9siste, qui marque tous les endroits o\u00f9 le chat est pass\u00e9.<\/li>\n\n\n\n<li>Faire une communication animale pour rassurer l\u2019animal, diminuer la peur, et prendre des informations autour de lui. Avoir des informations sur&nbsp;: ce qu\u2019il sent sous ses pattes, la luminosit\u00e9, l\u2019air, a-t-il faim, soif, comment est-il parti, est-il mont\u00e9 dans un v\u00e9hicule, a-t-il eu peur de quelque chose, est-il bless\u00e9. Ce qui augmente les chances de retour de votre animal, c&rsquo;est clairement votre implication dans les recherches. <\/li>\n<\/ul>\n\n\n\n<p>La perte d\u2019un animal est un r\u00e9el choc \u00e9motionnel pour le gardien. Sachez qu\u2019il existe des fleurs de Bach pour vous aider, des compl\u00e9ments \u00e0 base de plantes pour att\u00e9nuer les effets du stress sur votre corps souvent disponible en pharmacie ou dans les magasins BIO, des th\u00e9rapeutes qui peuvent \u00eatre \u00e0 votre \u00e9coute.<\/p>\n\n\n\n<p>Si vous souhaitez une prestation, cliquez sur le bouton ci-dessous : <\/p>\n\n\n\n<div class=\"wp-block-buttons is-layout-flex\">\n<div class=\"wp-block-button\"><a class=\"wp-block-button__link wp-element-button\" href=\"\" target=\"_blank\" rel=\"noreferrer noopener\">Communication Animal perdu<\/a><\/div>\n<\/div>\n\n\n\n<p>Prenez soin de vous. <\/p>\n\n\n\n<p>Florence<\/p>\n","protected":false},"excerpt":{"rendered":"<p>Que faire quand mon animal disparait&nbsp;? Ayant perdu moi-m\u00eame un chat, j\u2019avais \u00e9tabli un liste de choses \u00e0 faire pour le retrouver en cumulant tous les petits conseils que j\u2019ai pu entendre et lire. Je vous partage cette liste, pour si un jour malheureusement vous en aviez besoin. Cela vous [&hellip;]<\/p>\n","protected":false},"author":1,"featured_media":0,"parent":0,"menu_order":0,"comment_status":"closed","ping_status":"closed","template":"","meta":{"_EventAllDay":false,"_EventTimezone":"","_EventStartDate":"","_EventEndDate":"","_EventStartDateUTC":"","_EventEndDateUTC":"","_EventShowMap":false,"_EventShowMapLink":false,"_EventURL":"","_EventCost":"","_EventCostDescription":"","_EventCurrencySymbol":"","_EventCurrencyCode":"","_EventCurrencyPosition":"","_EventDateTimeSeparator":"","_EventTimeRangeSeparator":"","_EventOrganizerID":[],"_EventVenueID":0,"_OrganizerEmail":"","_OrganizerPhone":"","_OrganizerWebsite":"","_VenueAddress":"","_VenueCity":"","_VenueCountry":"","_VenueProvince":"","_VenueZip":"","_VenuePhone":"","_VenueURL":"","_VenueStateProvince":"","_VenueLat":"","_VenueLng":""},"_links":{"self":[{"href":"https:\/\/www.communicationanimalebyflo.fr\/index.php\/wp-json\/wp\/v2\/pages\/78"}],"collection":[{"href":"https:\/\/www.communicationanimalebyflo.fr\/index.php\/wp-json\/wp\/v2\/pages"}],"about":[{"href":"https:\/\/www.communicationanimalebyflo.fr\/index.php\/wp-json\/wp\/v2\/types\/page"}],"author":[{"embeddable":true,"href":"https:\/\/www.communicationanimalebyflo.fr\/index.php\/wp-json\/wp\/v2\/users\/1"}],"replies":[{"embeddable":true,"href":"https:\/\/www.communicationanimalebyflo.fr\/index.php\/wp-json\/wp\/v2\/comments?post=78"}],"version-history":[{"count":4,"href":"https:\/\/www.communicationanimalebyflo.fr\/index.php\/wp-json\/wp\/v2\/pages\/78\/revisions"}],"predecessor-version":[{"id":1804,"href":"https:\/\/www.communicationanimalebyflo.fr\/index.php\/wp-json\/wp\/v2\/pages\/78\/revisions\/1804"}],"wp:attachment":[{"href":"https:\/\/www.communicationanimalebyflo.fr\/index.php\/wp-json\/wp\/v2\/media?parent=78"}],"curies":[{"name":"wp","href":"https:\/\/api.w.org\/{rel}","templated":true}]}}