{"id":150,"date":"2021-02-02T10:53:39","date_gmt":"2021-02-02T09:53:39","guid":{"rendered":"http:\/\/www.communicationanimalebyflo.fr\/?page_id=150"},"modified":"2021-05-26T17:15:53","modified_gmt":"2021-05-26T15:15:53","slug":"prestation-tarifs","status":"publish","type":"page","link":"https:\/\/www.communicationanimalebyflo.fr\/index.php\/prestation-tarifs\/","title":{"rendered":"Prestations &#038; Tarifs"},"content":{"rendered":"\n<p class=\"has-text-align-center has-normal-font-size\"><strong>Bienvenue dans la boutique en ligne!<\/strong><\/p>\n\n\n\n<p class=\"has-normal-font-size\"><strong>Prestations disponibles : <\/strong><\/p>\n\n\n\n\n\n<p class=\"has-normal-font-size\"><strong>Vous souhaitez communiquer avec les animaux :<\/strong><\/p>\n\n\n<div data-block-name=\"woocommerce\/product-category\" data-columns=\"4\" data-categories=\"[23]\" data-content-visibility=\"{&quot;title&quot;:true,&quot;price&quot;:true,&quot;rating&quot;:false,&quot;button&quot;:true}\" data-orderby=\"price_asc\" class=\"wc-block-grid wp-block-product-category wc-block-product-category has-4-columns has-multiple-rows\"><ul class=\"wc-block-grid__products\"><li class=\"wc-block-grid__product\">\n\t\t\t\t<a href=\"https:\/\/www.communicationanimalebyflo.fr\/index.php\/produit\/liste-de-questions-pour-ca-niveau-debutant\/\" class=\"wc-block-grid__product-link\">\n\t\t\t\t\t<div class=\"wc-block-grid__product-image\"><img width=\"250\" height=\"250\" src=\"https:\/\/www.communicationanimalebyflo.fr\/wp-content\/uploads\/2025\/05\/Questions-pour-Communications-Animales-debutant-1-250x250.png\" class=\"attachment-woocommerce_thumbnail size-woocommerce_thumbnail\" alt=\"Liste de questions pour CA - niveau d\u00e9butant\" decoding=\"async\" loading=\"lazy\" srcset=\"https:\/\/www.communicationanimalebyflo.fr\/wp-content\/uploads\/2025\/05\/Questions-pour-Communications-Animales-debutant-1-250x250.png 250w, https:\/\/www.communicationanimalebyflo.fr\/wp-content\/uploads\/2025\/05\/Questions-pour-Communications-Animales-debutant-1-150x150.png 150w, https:\/\/www.communicationanimalebyflo.fr\/wp-content\/uploads\/2025\/05\/Questions-pour-Communications-Animales-debutant-1-100x100.png 100w\" sizes=\"(max-width: 250px) 100vw, 250px\" \/><\/div>\n\t\t\t\t\t<div class=\"wc-block-grid__product-title\">Liste de questions pour CA &#8211; niveau d\u00e9butant<\/div>\n\t\t\t\t<\/a>\n\t\t\t\t\n\t\t\t\t<div class=\"wc-block-grid__product-price price\"><span class=\"woocommerce-Price-amount amount\"><span class=\"woocommerce-Price-currencySymbol\">&euro;<\/span>10.00<\/span><\/div>\n\t\t\t\t\n\t\t\t\t<div class=\"wp-block-button wc-block-grid__product-add-to-cart\"><a href=\"?add-to-cart=1444\" aria-label=\"Ajouter &ldquo;Liste de questions pour CA - niveau d\u00e9butant&rdquo; \u00e0 votre panier\" data-quantity=\"1\" data-product_id=\"1444\" data-product_sku=\"\" rel=\"nofollow\" class=\"wp-block-button__link  add_to_cart_button ajax_add_to_cart\">Ajouter au panier<\/a><\/div>\n\t\t\t<\/li><li class=\"wc-block-grid__product\">\n\t\t\t\t<a href=\"https:\/\/www.communicationanimalebyflo.fr\/index.php\/produit\/liste-de-questions-pour-ca-niveau-perfectionnement\/\" class=\"wc-block-grid__product-link\">\n\t\t\t\t\t<div class=\"wc-block-grid__product-image\"><img width=\"250\" height=\"250\" src=\"https:\/\/www.communicationanimalebyflo.fr\/wp-content\/uploads\/2025\/12\/Communication-animale-precises-et-de-qualite-250x250.png\" class=\"attachment-woocommerce_thumbnail size-woocommerce_thumbnail\" alt=\"Liste de questions pour CA - niveau perfectionnement\" decoding=\"async\" loading=\"lazy\" srcset=\"https:\/\/www.communicationanimalebyflo.fr\/wp-content\/uploads\/2025\/12\/Communication-animale-precises-et-de-qualite-250x250.png 250w, https:\/\/www.communicationanimalebyflo.fr\/wp-content\/uploads\/2025\/12\/Communication-animale-precises-et-de-qualite-150x150.png 150w, https:\/\/www.communicationanimalebyflo.fr\/wp-content\/uploads\/2025\/12\/Communication-animale-precises-et-de-qualite-100x100.png 100w\" sizes=\"(max-width: 250px) 100vw, 250px\" \/><\/div>\n\t\t\t\t\t<div class=\"wc-block-grid__product-title\">Liste de questions pour CA &#8211; niveau perfectionnement<\/div>\n\t\t\t\t<\/a>\n\t\t\t\t\n\t\t\t\t<div class=\"wc-block-grid__product-price price\"><span class=\"woocommerce-Price-amount amount\"><span class=\"woocommerce-Price-currencySymbol\">&euro;<\/span>20.00<\/span><\/div>\n\t\t\t\t\n\t\t\t\t<div class=\"wp-block-button wc-block-grid__product-add-to-cart\"><a href=\"?add-to-cart=1677\" aria-label=\"Ajouter &ldquo;Liste de questions pour CA - niveau perfectionnement&rdquo; \u00e0 votre panier\" data-quantity=\"1\" data-product_id=\"1677\" data-product_sku=\"\" rel=\"nofollow\" class=\"wp-block-button__link  add_to_cart_button ajax_add_to_cart\">Ajouter au panier<\/a><\/div>\n\t\t\t<\/li><li class=\"wc-block-grid__product\">\n\t\t\t\t<a href=\"https:\/\/www.communicationanimalebyflo.fr\/index.php\/produit\/acompte-pour-reserver-une-place-de-formation\/\" class=\"wc-block-grid__product-link\">\n\t\t\t\t\t<div class=\"wc-block-grid__product-image\"><img width=\"250\" height=\"250\" src=\"https:\/\/www.communicationanimalebyflo.fr\/wp-content\/uploads\/2025\/05\/Equides-chevaux-sabots-250x250.jpg\" class=\"attachment-woocommerce_thumbnail size-woocommerce_thumbnail\" alt=\"Acompte pour r\u00e9server une place de formation.\" decoding=\"async\" loading=\"lazy\" srcset=\"https:\/\/www.communicationanimalebyflo.fr\/wp-content\/uploads\/2025\/05\/Equides-chevaux-sabots-250x250.jpg 250w, https:\/\/www.communicationanimalebyflo.fr\/wp-content\/uploads\/2025\/05\/Equides-chevaux-sabots-150x150.jpg 150w, https:\/\/www.communicationanimalebyflo.fr\/wp-content\/uploads\/2025\/05\/Equides-chevaux-sabots-100x100.jpg 100w\" sizes=\"(max-width: 250px) 100vw, 250px\" \/><\/div>\n\t\t\t\t\t<div class=\"wc-block-grid__product-title\">Acompte pour r\u00e9server une place de formation.<\/div>\n\t\t\t\t<\/a>\n\t\t\t\t\n\t\t\t\t<div class=\"wc-block-grid__product-price price\"><span class=\"woocommerce-Price-amount amount\"><span class=\"woocommerce-Price-currencySymbol\">&euro;<\/span>50.00<\/span><\/div>\n\t\t\t\t\n\t\t\t\t<div class=\"wp-block-button wc-block-grid__product-add-to-cart\"><a href=\"?add-to-cart=1006\" aria-label=\"Ajouter &ldquo;Acompte pour r\u00e9server une place de formation.&rdquo; \u00e0 votre panier\" data-quantity=\"1\" data-product_id=\"1006\" data-product_sku=\"\" rel=\"nofollow\" class=\"wp-block-button__link  add_to_cart_button ajax_add_to_cart\">Ajouter au panier<\/a><\/div>\n\t\t\t<\/li><li class=\"wc-block-grid__product\">\n\t\t\t\t<a href=\"https:\/\/www.communicationanimalebyflo.fr\/index.php\/produit\/coaching-individuel-a-la-communication-animale\/\" class=\"wc-block-grid__product-link\">\n\t\t\t\t\t<div class=\"wc-block-grid__product-image\"><img width=\"250\" height=\"250\" src=\"https:\/\/www.communicationanimalebyflo.fr\/wp-content\/uploads\/2021\/02\/je-te-dis-un-secret.jpg\" class=\"attachment-woocommerce_thumbnail size-woocommerce_thumbnail\" alt=\"Coaching individuel \u00e0 la Communication Animale.\" decoding=\"async\" loading=\"lazy\" \/><\/div>\n\t\t\t\t\t<div class=\"wc-block-grid__product-title\">Coaching individuel \u00e0 la Communication Animale.<\/div>\n\t\t\t\t<\/a>\n\t\t\t\t\n\t\t\t\t<div class=\"wc-block-grid__product-price price\"><span class=\"woocommerce-Price-amount amount\"><span class=\"woocommerce-Price-currencySymbol\">&euro;<\/span>90.00<\/span><\/div>\n\t\t\t\t\n\t\t\t\t<div class=\"wp-block-button wc-block-grid__product-add-to-cart\"><a href=\"?add-to-cart=81\" aria-label=\"Ajouter &ldquo;Coaching individuel \u00e0 la Communication Animale.&rdquo; \u00e0 votre panier\" data-quantity=\"1\" data-product_id=\"81\" data-product_sku=\"\" rel=\"nofollow\" class=\"wp-block-button__link  add_to_cart_button ajax_add_to_cart\">Ajouter au panier<\/a><\/div>\n\t\t\t<\/li><li class=\"wc-block-grid__product\">\n\t\t\t\t<a href=\"https:\/\/www.communicationanimalebyflo.fr\/index.php\/produit\/formation-niveau-debutant-en-communication-animale\/\" class=\"wc-block-grid__product-link\">\n\t\t\t\t\t<div class=\"wc-block-grid__product-image\"><img width=\"250\" height=\"250\" src=\"https:\/\/www.communicationanimalebyflo.fr\/wp-content\/uploads\/2025\/05\/Formation-Communication-Animale-1er-niveau-250x250.jpg\" class=\"attachment-woocommerce_thumbnail size-woocommerce_thumbnail\" alt=\"Apprendre \u00e0 communiquer avec les animaux. Communication Animale\" decoding=\"async\" loading=\"lazy\" srcset=\"https:\/\/www.communicationanimalebyflo.fr\/wp-content\/uploads\/2025\/05\/Formation-Communication-Animale-1er-niveau-250x250.jpg 250w, https:\/\/www.communicationanimalebyflo.fr\/wp-content\/uploads\/2025\/05\/Formation-Communication-Animale-1er-niveau-150x150.jpg 150w, https:\/\/www.communicationanimalebyflo.fr\/wp-content\/uploads\/2025\/05\/Formation-Communication-Animale-1er-niveau-100x100.jpg 100w\" sizes=\"(max-width: 250px) 100vw, 250px\" \/><\/div>\n\t\t\t\t\t<div class=\"wc-block-grid__product-title\">Formation 1er niveau en Communication Animale.<\/div>\n\t\t\t\t<\/a>\n\t\t\t\t\n\t\t\t\t<div class=\"wc-block-grid__product-price price\"><span class=\"woocommerce-Price-amount amount\"><span class=\"woocommerce-Price-currencySymbol\">&euro;<\/span>180.00<\/span><\/div>\n\t\t\t\t\n\t\t\t\t<div class=\"wp-block-button wc-block-grid__product-add-to-cart\"><a href=\"?add-to-cart=82\" aria-label=\"Ajouter &ldquo;Formation 1er niveau en Communication Animale.&rdquo; \u00e0 votre panier\" data-quantity=\"1\" data-product_id=\"82\" data-product_sku=\"\" rel=\"nofollow\" class=\"wp-block-button__link  add_to_cart_button ajax_add_to_cart\">Ajouter au panier<\/a><\/div>\n\t\t\t<\/li><li class=\"wc-block-grid__product\">\n\t\t\t\t<a href=\"https:\/\/www.communicationanimalebyflo.fr\/index.php\/produit\/formation-2eme-niveau-communication-animale\/\" class=\"wc-block-grid__product-link\">\n\t\t\t\t\t<div class=\"wc-block-grid__product-image\"><img width=\"250\" height=\"250\" src=\"https:\/\/www.communicationanimalebyflo.fr\/wp-content\/uploads\/2025\/05\/Formation-2eme-niveau-en-Communication-Animale-250x250.jpg\" class=\"attachment-woocommerce_thumbnail size-woocommerce_thumbnail\" alt=\"Perfectionner, s&#039;am\u00e9liorer dans sa pratique de Communication Animale.\" decoding=\"async\" loading=\"lazy\" srcset=\"https:\/\/www.communicationanimalebyflo.fr\/wp-content\/uploads\/2025\/05\/Formation-2eme-niveau-en-Communication-Animale-250x250.jpg 250w, https:\/\/www.communicationanimalebyflo.fr\/wp-content\/uploads\/2025\/05\/Formation-2eme-niveau-en-Communication-Animale-150x150.jpg 150w, https:\/\/www.communicationanimalebyflo.fr\/wp-content\/uploads\/2025\/05\/Formation-2eme-niveau-en-Communication-Animale-100x100.jpg 100w\" sizes=\"(max-width: 250px) 100vw, 250px\" \/><\/div>\n\t\t\t\t\t<div class=\"wc-block-grid__product-title\">Formation 2\u00e8me niveau Communication Animale.<\/div>\n\t\t\t\t<\/a>\n\t\t\t\t\n\t\t\t\t<div class=\"wc-block-grid__product-price price\"><span class=\"woocommerce-Price-amount amount\"><span class=\"woocommerce-Price-currencySymbol\">&euro;<\/span>180.00<\/span><\/div>\n\t\t\t\t\n\t\t\t\t<div class=\"wp-block-button wc-block-grid__product-add-to-cart\"><a href=\"?add-to-cart=83\" aria-label=\"Ajouter &ldquo;Formation 2\u00e8me niveau Communication Animale.&rdquo; \u00e0 votre panier\" data-quantity=\"1\" data-product_id=\"83\" data-product_sku=\"\" rel=\"nofollow\" class=\"wp-block-button__link  add_to_cart_button ajax_add_to_cart\">Ajouter au panier<\/a><\/div>\n\t\t\t<\/li><li class=\"wc-block-grid__product\">\n\t\t\t\t<a href=\"https:\/\/www.communicationanimalebyflo.fr\/index.php\/produit\/formation-3eme-niveau-communication-animale\/\" class=\"wc-block-grid__product-link\">\n\t\t\t\t\t<div class=\"wc-block-grid__product-image\"><img width=\"250\" height=\"250\" src=\"https:\/\/www.communicationanimalebyflo.fr\/wp-content\/uploads\/2025\/05\/Formation-3eme-niveau-de-Communication-Animale-250x250.jpg\" class=\"attachment-woocommerce_thumbnail size-woocommerce_thumbnail\" alt=\"Formation Communication Animale avec les animaux morts, d\u00e9funts, les animaux perdus et en fin de vie.\" decoding=\"async\" loading=\"lazy\" srcset=\"https:\/\/www.communicationanimalebyflo.fr\/wp-content\/uploads\/2025\/05\/Formation-3eme-niveau-de-Communication-Animale-250x250.jpg 250w, https:\/\/www.communicationanimalebyflo.fr\/wp-content\/uploads\/2025\/05\/Formation-3eme-niveau-de-Communication-Animale-150x150.jpg 150w, https:\/\/www.communicationanimalebyflo.fr\/wp-content\/uploads\/2025\/05\/Formation-3eme-niveau-de-Communication-Animale-100x100.jpg 100w\" sizes=\"(max-width: 250px) 100vw, 250px\" \/><\/div>\n\t\t\t\t\t<div class=\"wc-block-grid__product-title\">Formation 3\u00e8me niveau Communication Animale.<\/div>\n\t\t\t\t<\/a>\n\t\t\t\t\n\t\t\t\t<div class=\"wc-block-grid__product-price price\"><span class=\"woocommerce-Price-amount amount\"><span class=\"woocommerce-Price-currencySymbol\">&euro;<\/span>180.00<\/span><\/div>\n\t\t\t\t\n\t\t\t\t<div class=\"wp-block-button wc-block-grid__product-add-to-cart\"><a href=\"?add-to-cart=387\" aria-label=\"Ajouter &ldquo;Formation 3\u00e8me niveau Communication Animale.&rdquo; \u00e0 votre panier\" data-quantity=\"1\" data-product_id=\"387\" data-product_sku=\"\" rel=\"nofollow\" class=\"wp-block-button__link  add_to_cart_button ajax_add_to_cart\">Ajouter au panier<\/a><\/div>\n\t\t\t<\/li><li class=\"wc-block-grid__product\">\n\t\t\t\t<a href=\"https:\/\/www.communicationanimalebyflo.fr\/index.php\/produit\/enfant-formation-1er-niveau-communication-animale\/\" class=\"wc-block-grid__product-link\">\n\t\t\t\t\t<div class=\"wc-block-grid__product-image\"><img width=\"250\" height=\"250\" src=\"https:\/\/www.communicationanimalebyflo.fr\/wp-content\/uploads\/2025\/05\/Formation-enfant-a-la-Communication-Animale-250x250.jpg\" class=\"attachment-woocommerce_thumbnail size-woocommerce_thumbnail\" alt=\"Les enfants apprennent \u00e0 parler avec les animaux gr\u00e2ce \u00e0 la Communication Animale.\" decoding=\"async\" loading=\"lazy\" srcset=\"https:\/\/www.communicationanimalebyflo.fr\/wp-content\/uploads\/2025\/05\/Formation-enfant-a-la-Communication-Animale-250x250.jpg 250w, https:\/\/www.communicationanimalebyflo.fr\/wp-content\/uploads\/2025\/05\/Formation-enfant-a-la-Communication-Animale-150x150.jpg 150w, https:\/\/www.communicationanimalebyflo.fr\/wp-content\/uploads\/2025\/05\/Formation-enfant-a-la-Communication-Animale-100x100.jpg 100w\" sizes=\"(max-width: 250px) 100vw, 250px\" \/><\/div>\n\t\t\t\t\t<div class=\"wc-block-grid__product-title\">Formation Enfant : Communication Animale (\u00e0 partir de 10ans)<\/div>\n\t\t\t\t<\/a>\n\t\t\t\t\n\t\t\t\t<div class=\"wc-block-grid__product-price price\"><span class=\"woocommerce-Price-amount amount\"><span class=\"woocommerce-Price-currencySymbol\">&euro;<\/span>180.00<\/span><\/div>\n\t\t\t\t\n\t\t\t\t<div class=\"wp-block-button wc-block-grid__product-add-to-cart\"><a href=\"?add-to-cart=1258\" aria-label=\"Ajouter &ldquo;Formation Enfant : Communication Animale (\u00e0 partir de 10ans)&rdquo; \u00e0 votre panier\" data-quantity=\"1\" data-product_id=\"1258\" data-product_sku=\"\" rel=\"nofollow\" class=\"wp-block-button__link  add_to_cart_button ajax_add_to_cart\">Ajouter au panier<\/a><\/div>\n\t\t\t<\/li><\/ul><\/div>","protected":false},"excerpt":{"rendered":"<p>Bienvenue dans la boutique en ligne! Prestations disponibles : Vous souhaitez communiquer avec les animaux :<\/p>\n","protected":false},"author":1,"featured_media":0,"parent":0,"menu_order":0,"comment_status":"closed","ping_status":"closed","template":"","meta":{"_EventAllDay":false,"_EventTimezone":"","_EventStartDate":"","_EventEndDate":"","_EventStartDateUTC":"","_EventEndDateUTC":"","_EventShowMap":false,"_EventShowMapLink":false,"_EventURL":"","_EventCost":"","_EventCostDescription":"","_EventCurrencySymbol":"","_EventCurrencyCode":"","_EventCurrencyPosition":"","_EventDateTimeSeparator":"","_EventTimeRangeSeparator":"","_EventOrganizerID":[],"_EventVenueID":0,"_OrganizerEmail":"","_OrganizerPhone":"","_OrganizerWebsite":"","_VenueAddress":"","_VenueCity":"","_VenueCountry":"","_VenueProvince":"","_VenueZip":"","_VenuePhone":"","_VenueURL":"","_VenueStateProvince":"","_VenueLat":"","_VenueLng":""},"_links":{"self":[{"href":"https:\/\/www.communicationanimalebyflo.fr\/index.php\/wp-json\/wp\/v2\/pages\/150"}],"collection":[{"href":"https:\/\/www.communicationanimalebyflo.fr\/index.php\/wp-json\/wp\/v2\/pages"}],"about":[{"href":"https:\/\/www.communicationanimalebyflo.fr\/index.php\/wp-json\/wp\/v2\/types\/page"}],"author":[{"embeddable":true,"href":"https:\/\/www.communicationanimalebyflo.fr\/index.php\/wp-json\/wp\/v2\/users\/1"}],"replies":[{"embeddable":true,"href":"https:\/\/www.communicationanimalebyflo.fr\/index.php\/wp-json\/wp\/v2\/comments?post=150"}],"version-history":[{"count":7,"href":"https:\/\/www.communicationanimalebyflo.fr\/index.php\/wp-json\/wp\/v2\/pages\/150\/revisions"}],"predecessor-version":[{"id":249,"href":"https:\/\/www.communicationanimalebyflo.fr\/index.php\/wp-json\/wp\/v2\/pages\/150\/revisions\/249"}],"wp:attachment":[{"href":"https:\/\/www.communicationanimalebyflo.fr\/index.php\/wp-json\/wp\/v2\/media?parent=150"}],"curies":[{"name":"wp","href":"https:\/\/api.w.org\/{rel}","templated":true}]}}