{"id":109,"date":"2021-02-01T23:33:06","date_gmt":"2021-02-01T22:33:06","guid":{"rendered":"http:\/\/www.communicationanimalebyflo.fr\/?page_id=109"},"modified":"2024-11-05T18:34:32","modified_gmt":"2024-11-05T17:34:32","slug":"contact","status":"publish","type":"page","link":"https:\/\/www.communicationanimalebyflo.fr\/index.php\/contact\/","title":{"rendered":"Contact"},"content":{"rendered":"\n<p><\/p>\n\n\n\n<p>Si vous avez des questions, vous pouvez remplir le formulaire suivant :<\/p>\n\n\n<div class=\"wpforms-container wpforms-container-full wpforms-block wpforms-block-8445bea3-cb8c-4497-b5c3-7b49991511bf\" id=\"wpforms-265\"><form id=\"wpforms-form-265\" class=\"wpforms-validate wpforms-form\" data-formid=\"265\" method=\"post\" enctype=\"multipart\/form-data\" action=\"\/index.php\/wp-json\/wp\/v2\/pages\/109\" data-token=\"bbec6fe6b1894a63ca08a71626ad6c70\" data-token-time=\"1777725703\"><noscript class=\"wpforms-error-noscript\">Veuillez activer JavaScript dans votre navigateur pour remplir ce formulaire.<\/noscript><div class=\"wpforms-field-container\"><div id=\"wpforms-265-field_0-container\" class=\"wpforms-field wpforms-field-name\" data-field-id=\"0\"><label class=\"wpforms-field-label\">Identit\u00e9 <span class=\"wpforms-required-label\">*<\/span><\/label><div class=\"wpforms-field-row wpforms-field-medium\"><div class=\"wpforms-field-row-block wpforms-first wpforms-one-half\"><input type=\"text\" id=\"wpforms-265-field_0\" class=\"wpforms-field-name-first wpforms-field-required\" name=\"wpforms[fields][0][first]\" required><label for=\"wpforms-265-field_0\" class=\"wpforms-field-sublabel after\">Pr\u00e9nom<\/label><\/div><div class=\"wpforms-field-row-block wpforms-one-half\"><input type=\"text\" id=\"wpforms-265-field_0-last\" class=\"wpforms-field-name-last wpforms-field-required\" name=\"wpforms[fields][0][last]\" required><label for=\"wpforms-265-field_0-last\" class=\"wpforms-field-sublabel after\">Nom<\/label><\/div><\/div><\/div><div id=\"wpforms-265-field_1-container\" class=\"wpforms-field wpforms-field-email\" data-field-id=\"1\"><label class=\"wpforms-field-label\" for=\"wpforms-265-field_1\">E-mail <span class=\"wpforms-required-label\">*<\/span><\/label><input type=\"email\" id=\"wpforms-265-field_1\" class=\"wpforms-field-medium wpforms-field-required\" name=\"wpforms[fields][1]\" spellcheck=\"false\" required><\/div><div id=\"wpforms-265-field_2-container\" class=\"wpforms-field wpforms-field-textarea\" data-field-id=\"2\"><label class=\"wpforms-field-label\" for=\"wpforms-265-field_2\">Commentaire ou message <span class=\"wpforms-required-label\">*<\/span><\/label><textarea id=\"wpforms-265-field_2\" class=\"wpforms-field-medium wpforms-field-required\" name=\"wpforms[fields][2]\" required><\/textarea><\/div><\/div><!-- .wpforms-field-container --><div class=\"wpforms-recaptcha-container wpforms-is-hcaptcha\" ><div class=\"h-captcha\" data-sitekey=\"8afa1c0a-9d64-4b3d-83d1-2037c0154057\"><\/div><input type=\"text\" name=\"g-recaptcha-hidden\" class=\"wpforms-recaptcha-hidden\" style=\"position:absolute!important;clip:rect(0,0,0,0)!important;height:1px!important;width:1px!important;border:0!important;overflow:hidden!important;padding:0!important;margin:0!important;\" data-rule-hcaptcha=\"1\"><\/div><div class=\"wpforms-submit-container\" ><input type=\"hidden\" name=\"wpforms[id]\" value=\"265\"><input type=\"hidden\" name=\"page_title\" value=\"\"><input type=\"hidden\" name=\"page_url\" value=\"https:\/\/www.communicationanimalebyflo.fr\/index.php\/wp-json\/wp\/v2\/pages\/109\"><input type=\"hidden\" name=\"url_referer\" value=\"\"><button type=\"submit\" name=\"wpforms[submit]\" id=\"wpforms-submit-265\" class=\"wpforms-submit\" data-alt-text=\"Envoi...\" data-submit-text=\"Envoyer\" aria-live=\"assertive\" value=\"wpforms-submit\">Envoyer<\/button><\/div><\/form><\/div>  <!-- .wpforms-container -->\n\n\n<p>Mon mail direct : lacabyflo@gmail.com<\/p>\n\n\n\n<p>Facebook : <a href=\"https:\/\/www.facebook.com\/LaCAbyFlo\">https:\/\/www.facebook.com\/LaCAbyFlo<\/a><\/p>\n\n\n\n<p>Instagram : @lacabyflo, <a rel=\"noreferrer noopener\" href=\"https:\/\/www.instagram.com\/lacabyflo\/?hl=fr\" target=\"_blank\">https:\/\/www.instagram.com\/lacabyflo\/?hl=fr<\/a><\/p>\n\n\n\n<p>Sur Google, o\u00f9 il y a des avis : <a href=\"https:\/\/maps.app.goo.gl\/iMa7w4nZN1bKvi3p6\" target=\"_blank\" rel=\"noreferrer noopener\">https:\/\/maps.app.goo.gl\/iMa7w4nZN1bKvi3p6<\/a><\/p>\n\n\n\n<p>   &#8212;<\/p>\n\n\n\n<p>Lieux o\u00f9 je donne mes formations en pr\u00e9sentiel, ou des ateliers \u00e0 Saint Mathieu de Tr\u00e9viers : <\/p>\n\n\n\n<p>&#8211; <a rel=\"noreferrer noopener\" href=\"https:\/\/espace-des-possibles.fr\/\" target=\"_blank\">https:\/\/espace-des-possibles.fr\/<\/a>  (rien que le nom montre sa magie &lt;3 ) <\/p>\n\n\n\n<p>Localisation : Je vous rencontre sur l&rsquo;H\u00e9rault, le Gard en pr\u00e9sentiel, et \u00e0 distance sur le reste de la France.<\/p>\n\n\n\n<p>  &#8212;<\/p>\n","protected":false},"excerpt":{"rendered":"<p>Si vous avez des questions, vous pouvez remplir le formulaire suivant : Mon mail direct : lacabyflo@gmail.com Facebook : https:\/\/www.facebook.com\/LaCAbyFlo Instagram : @lacabyflo, https:\/\/www.instagram.com\/lacabyflo\/?hl=fr Sur Google, o\u00f9 il y a des avis : https:\/\/maps.app.goo.gl\/iMa7w4nZN1bKvi3p6 &#8212; Lieux o\u00f9 je donne mes formations en pr\u00e9sentiel, ou des ateliers \u00e0 Saint Mathieu de [&hellip;]<\/p>\n","protected":false},"author":1,"featured_media":0,"parent":0,"menu_order":0,"comment_status":"closed","ping_status":"closed","template":"","meta":{"_EventAllDay":false,"_EventTimezone":"","_EventStartDate":"","_EventEndDate":"","_EventStartDateUTC":"","_EventEndDateUTC":"","_EventShowMap":false,"_EventShowMapLink":false,"_EventURL":"","_EventCost":"","_EventCostDescription":"","_EventCurrencySymbol":"","_EventCurrencyCode":"","_EventCurrencyPosition":"","_EventDateTimeSeparator":"","_EventTimeRangeSeparator":"","_EventOrganizerID":[],"_EventVenueID":0,"_OrganizerEmail":"","_OrganizerPhone":"","_OrganizerWebsite":"","_VenueAddress":"","_VenueCity":"","_VenueCountry":"","_VenueProvince":"","_VenueZip":"","_VenuePhone":"","_VenueURL":"","_VenueStateProvince":"","_VenueLat":"","_VenueLng":""},"_links":{"self":[{"href":"https:\/\/www.communicationanimalebyflo.fr\/index.php\/wp-json\/wp\/v2\/pages\/109"}],"collection":[{"href":"https:\/\/www.communicationanimalebyflo.fr\/index.php\/wp-json\/wp\/v2\/pages"}],"about":[{"href":"https:\/\/www.communicationanimalebyflo.fr\/index.php\/wp-json\/wp\/v2\/types\/page"}],"author":[{"embeddable":true,"href":"https:\/\/www.communicationanimalebyflo.fr\/index.php\/wp-json\/wp\/v2\/users\/1"}],"replies":[{"embeddable":true,"href":"https:\/\/www.communicationanimalebyflo.fr\/index.php\/wp-json\/wp\/v2\/comments?post=109"}],"version-history":[{"count":17,"href":"https:\/\/www.communicationanimalebyflo.fr\/index.php\/wp-json\/wp\/v2\/pages\/109\/revisions"}],"predecessor-version":[{"id":1129,"href":"https:\/\/www.communicationanimalebyflo.fr\/index.php\/wp-json\/wp\/v2\/pages\/109\/revisions\/1129"}],"wp:attachment":[{"href":"https:\/\/www.communicationanimalebyflo.fr\/index.php\/wp-json\/wp\/v2\/media?parent=109"}],"curies":[{"name":"wp","href":"https:\/\/api.w.org\/{rel}","templated":true}]}}